{"id":1978,"date":"2026-01-08T19:09:59","date_gmt":"2026-01-08T16:09:59","guid":{"rendered":"https:\/\/milenyums.com\/shurut-wa-ahkam\/"},"modified":"2026-01-08T19:09:59","modified_gmt":"2026-01-08T16:09:59","slug":"shurut-wa-ahkam","status":"publish","type":"page","link":"https:\/\/milenyums.com\/ar\/shurut-wa-ahkam\/","title":{"rendered":"\u0627\u0644\u0634\u0631\u0648\u0637 \u0648\u0627\u0644\u0623\u062d\u0643\u0627\u0645"},"content":{"rendered":"<p><b>\u0622\u062e\u0631 \u062a\u062d\u062f\u064a\u062b:<\/b> 08.01.2026<\/p>\n<p>\u062a\u062d\u062f\u062f \u0634\u0631\u0648\u0637 \u0627\u0644\u0627\u0633\u062a\u062e\u062f\u0627\u0645 \u0648\u0627\u0644\u0623\u062d\u0643\u0627\u0645 \u0647\u0630\u0647 (&#8220;\u0627\u0644\u0627\u062a\u0641\u0627\u0642\u064a\u0629&#8221;) \u0627\u0644\u0642\u0648\u0627\u0639\u062f \u0627\u0644\u0645\u062a\u0639\u0644\u0642\u0629 \u0628\u0627\u0633\u062a\u062e\u062f\u0627\u0645 \u0645\u0648\u0627\u0642\u0639 \u0627\u0644\u0648\u064a\u0628 \u0648\u0627\u0644\u0628\u0631\u0627\u0645\u062c \u0648\u062e\u062f\u0645\u0627\u062a \u0627\u0644\u0625\u0646\u062a\u0627\u062c \u0627\u0644\u0645\u0627\u062f\u064a \u0627\u0644\u062a\u064a \u062a\u062f\u064a\u0631\u0647\u0627 <b>Milenyums Dijital Foto\u011fraf\u00e7\u0131l\u0131k Reklam Ajans\u0131 Sanayi ve D\u0131\u015f Ticaret Limited \u015eirketi<\/b> (&#8220;Milenyums&#8221;)\u060c \u0627\u0644\u062a\u064a \u064a\u0642\u0639 \u0645\u0642\u0631\u0647\u0627 \u0627\u0644\u0631\u0626\u064a\u0633\u064a \u0641\u064a \u0627\u0633\u0637\u0646\u0628\u0648\u0644\u060c \u062a\u0631\u0643\u064a\u0627.<\/p>\n<p>\u0645\u0646 \u062e\u0644\u0627\u0644 \u0627\u0633\u062a\u062e\u062f\u0627\u0645 <b>Milenyums<\/b> \u0648\u0639\u0644\u0627\u0645\u0627\u062a\u0646\u0627 \u0627\u0644\u062a\u062c\u0627\u0631\u064a\u0629 \u0627\u0644\u0641\u0631\u0639\u064a\u0629 \u0627\u0644\u0645\u0631\u062a\u0628\u0637\u0629 (<b>MilenyumsAI\u060c MilenyumSMS\u060c MilenyumLink\u060c MilenyumStudios<\/b>)\u060c \u062a\u0639\u062a\u0628\u0631 \u0642\u062f \u0642\u0628\u0644\u062a \u0647\u0630\u0647 \u0627\u0644\u0634\u0631\u0648\u0637.<\/p>\n<h3>1. \u0627\u0644\u0623\u0637\u0631\u0627\u0641 \u0648\u062a\u0639\u0631\u064a\u0641 \u0627\u0644\u062e\u062f\u0645\u0629<\/h3>\n<ul>\n<li>\n<p><b>\u0627\u0644\u0634\u0631\u0643\u0629:<\/b> Milenyums Dijital Foto\u011fraf\u00e7\u0131l\u0131k Reklam Ajans\u0131 Sanayi ve D\u0131\u015f Ticaret Limited \u015eirketi (\u0627\u0644\u0631\u0642\u0645 \u0627\u0644\u0636\u0631\u064a\u0628\u064a: 6211122442\u060c KEP: milenyums@hs01.kep.tr)<\/p>\n<\/li>\n<li>\n<p><b>\u0627\u0644\u0645\u0633\u062a\u062e\u062f\u0645:<\/b> \u0627\u0644\u0623\u0634\u062e\u0627\u0635 \u0627\u0644\u062d\u0642\u064a\u0642\u064a\u0648\u0646 \u0623\u0648 \u0627\u0644\u0627\u0639\u062a\u0628\u0627\u0631\u064a\u0648\u0646 \u0627\u0644\u0630\u064a\u0646 \u064a\u0633\u062a\u0641\u064a\u062f\u0648\u0646 \u0645\u0646 \u0627\u0644\u062e\u062f\u0645\u0627\u062a \u0627\u0644\u0631\u0642\u0645\u064a\u0629 \u0623\u0648 \u0627\u0644\u0645\u0627\u062f\u064a\u0629 \u0639\u0644\u0649 \u0627\u0644\u0645\u0646\u0635\u0629.<\/p>\n<\/li>\n<li>\n<p><b>\u0627\u0644\u062e\u062f\u0645\u0627\u062a:<\/b> \u062a\u0648\u0644\u064a\u062f \u0627\u0644\u0645\u062d\u062a\u0648\u0649 \u0628\u0627\u0644\u0630\u0643\u0627\u0621 \u0627\u0644\u0627\u0635\u0637\u0646\u0627\u0639\u064a (MilenyumsAI)\u060c \u0648\u062e\u062f\u0645\u0627\u062a \u0627\u0644\u0631\u0633\u0627\u0626\u0644 \u0627\u0644\u0646\u0635\u064a\u0629 \u0627\u0644\u062c\u0645\u0627\u0639\u064a\u0629 (MilenyumSMS)\u060c \u0648\u0625\u062f\u0627\u0631\u0629 \u0627\u0644\u0631\u0648\u0627\u0628\u0637 (MilenyumLink)\u060c \u0648\u062a\u0635\u0646\u064a\u0639 \u0627\u0644\u0645\u0646\u062a\u062c\u0627\u062a \u0627\u0644\u0632\u062e\u0631\u0641\u064a\u0629 \u0627\u0644\u0645\u062e\u0635\u0635\u0629 (MilenyumStudios).<\/p>\n<\/li>\n<\/ul>\n<h3>2. \u0642\u0648\u0627\u0639\u062f \u0627\u0633\u062a\u062e\u062f\u0627\u0645 \u0627\u0644\u062e\u062f\u0645\u0627\u062a \u0627\u0644\u0631\u0642\u0645\u064a\u0629 (SaaS)<\/h3>\n<ul>\n<li>\n<p><b>MilenyumsAI:<\/b> \u0627\u0644\u0645\u0633\u0624\u0648\u0644\u064a\u0629 \u0627\u0644\u0642\u0627\u0646\u0648\u0646\u064a\u0629 \u0644\u0644\u0645\u062d\u062a\u0648\u0649 \u0627\u0644\u0645\u064f\u0646\u062a\u064e\u062c \u062a\u0642\u0639 \u0639\u0644\u0649 \u0639\u0627\u062a\u0642 \u0627\u0644\u0645\u0633\u062a\u062e\u062f\u0645. \u064a\u064f\u062d\u0638\u0631 \u0625\u0646\u062a\u0627\u062c \u0645\u062d\u062a\u0648\u0649 \u064a\u062d\u062a\u0648\u064a \u0639\u0644\u0649 \u062e\u0637\u0627\u0628 \u0627\u0644\u0643\u0631\u0627\u0647\u064a\u0629 \u0623\u0648 \u0627\u0644\u062a\u0631\u0648\u064a\u062c \u0644\u0623\u0646\u0634\u0637\u0629 \u063a\u064a\u0631 \u0642\u0627\u0646\u0648\u0646\u064a\u0629 \u0623\u0648 \u0627\u0646\u062a\u0647\u0627\u0643 \u062d\u0642\u0648\u0642 \u0627\u0644\u0637\u0628\u0639 \u0648\u0627\u0644\u0646\u0634\u0631.<\/p>\n<\/li>\n<li>\n<p><b>MilenyumSMS:<\/b> \u0627\u0644\u0645\u0633\u062a\u062e\u062f\u0645 \u0645\u0644\u0632\u0645 \u0628\u0627\u0644\u0627\u0645\u062a\u062b\u0627\u0644 \u0644\u0644\u0642\u0627\u0646\u0648\u0646 \u0631\u0642\u0645 6563 (ETK) \u0648\u0644\u0648\u0627\u0626\u062d IYS (\u0646\u0638\u0627\u0645 \u0625\u062f\u0627\u0631\u0629 \u0627\u0644\u0631\u0633\u0627\u0626\u0644). \u062a\u0642\u0639 \u0645\u0633\u0624\u0648\u0644\u064a\u0629 \u0627\u0644\u0631\u0633\u0627\u0626\u0644 \u0627\u0644\u062a\u062c\u0627\u0631\u064a\u0629 \u063a\u064a\u0631 \u0627\u0644\u0645\u0635\u0631\u062d \u0628\u0647\u0627 \u0628\u0627\u0644\u0643\u0627\u0645\u0644 \u0639\u0644\u0649 \u0627\u0644\u0645\u0633\u062a\u062e\u062f\u0645\u061b \u062a\u062d\u062a\u0641\u0638 Milenyums \u0628\u0627\u0644\u062d\u0642 \u0641\u064a \u062a\u0639\u0644\u064a\u0642 \u0627\u0644\u062d\u0633\u0627\u0628 \u0641\u064a \u062d\u0627\u0644\u0629 \u0627\u0644\u0627\u0646\u062a\u0647\u0627\u0643.<\/p>\n<\/li>\n<li>\n<p><b>\u0623\u062a\u0645\u062a\u0629 n8n:<\/b> \u0644\u0627 \u064a\u0645\u0643\u0646 \u062a\u062d\u0645\u064a\u0644 Milenyums \u0627\u0644\u0645\u0633\u0624\u0648\u0644\u064a\u0629 \u0639\u0646 \u0627\u0644\u0623\u0636\u0631\u0627\u0631 \u0627\u0644\u062a\u064a \u062a\u0644\u062d\u0642 \u0628\u0623\u0637\u0631\u0627\u0641 \u062b\u0627\u0644\u062b\u0629 \u0645\u0646 \u062e\u0644\u0627\u0644 \u0633\u064a\u0631 \u0627\u0644\u0639\u0645\u0644 \u0627\u0644\u0630\u064a \u064a\u0642\u0648\u0645 \u0627\u0644\u0645\u0633\u062a\u062e\u062f\u0645 \u0628\u062a\u0643\u0648\u064a\u0646\u0647.<\/p>\n<\/li>\n<\/ul>\n<h3>3. \u0634\u0631\u0648\u0637 \u0627\u0644\u0625\u0646\u062a\u0627\u062c \u0627\u0644\u0645\u0627\u062f\u064a \u0648\u0627\u0644\u0637\u0644\u0628 (Milenyum Studios)<\/h3>\n<ul>\n<li>\n<p><b>\u0639\u0645\u0644\u064a\u0629 \u0627\u0644\u0625\u0646\u062a\u0627\u062c:<\/b> \u064a\u062a\u0645 \u062a\u0635\u0646\u064a\u0639 \u0627\u0644\u062a\u0645\u0627\u062b\u064a\u0644 \u0648\u0627\u0644\u0642\u0637\u0639 \u0627\u0644\u0632\u062e\u0631\u0641\u064a\u0629 \u0648\u0645\u0646\u062a\u062c\u0627\u062a \u0631\u0623\u0633 \u0627\u0644\u0633\u0646\u0629 &#8220;\u0628\u0634\u0643\u0644 \u0634\u062e\u0635\u064a&#8221; \u0623\u0648 &#8220;\u062d\u0633\u0628 \u0627\u0644\u0637\u0644\u0628&#8221;. \u0642\u062f \u062a\u062e\u062a\u0644\u0641 \u0623\u0648\u0642\u0627\u062a \u0627\u0644\u0625\u0646\u062a\u0627\u062c \u062d\u0633\u0628 \u062d\u062c\u0645 \u0627\u0644\u0639\u0645\u0644.<\/p>\n<\/li>\n<li>\n<p><b>\u0627\u0644\u0625\u0644\u063a\u0627\u0621 \u0648\u0627\u0644\u0625\u0631\u062c\u0627\u0639:<\/b> \u0648\u0641\u0642\u0627\u064b \u0644\u0644\u0642\u0627\u0646\u0648\u0646 \u0631\u0642\u0645 6502 \u0644\u062d\u0645\u0627\u064a\u0629 \u0627\u0644\u0645\u0633\u062a\u0647\u0644\u0643\u060c <b>\u0644\u0627 \u064a\u0645\u0643\u0646 \u0645\u0645\u0627\u0631\u0633\u0629 \u062d\u0642 \u0627\u0644\u0627\u0646\u0633\u062d\u0627\u0628<\/b> \u0644\u0644\u0645\u0646\u062a\u062c\u0627\u062a \u0627\u0644\u0645\u064f\u062d\u0636\u064e\u0651\u0631\u0629 \u0648\u0641\u0642\u0627\u064b \u0644\u0637\u0644\u0628\u0627\u062a \u0623\u0648 \u0627\u062d\u062a\u064a\u0627\u062c\u0627\u062a \u0627\u0644\u0645\u0633\u062a\u0647\u0644\u0643 \u0627\u0644\u0634\u062e\u0635\u064a\u0629 (\u0627\u0644\u0635\u0628 \u0627\u0644\u0645\u062e\u0635\u0635 \u0623\u0648 \u0627\u0644\u0637\u0644\u0627\u0621 \u0623\u0648 \u062a\u063a\u064a\u064a\u0631 \u0627\u0644\u062a\u0635\u0645\u064a\u0645). \u0644\u0644\u0645\u0646\u062a\u062c\u0627\u062a \u0627\u0644\u0642\u064a\u0627\u0633\u064a\u0629\u060c \u0641\u062a\u0631\u0629 \u0627\u0644\u0625\u0631\u062c\u0627\u0639 14 \u064a\u0648\u0645\u0627\u064b \u0645\u0646 \u062a\u0627\u0631\u064a\u062e \u0627\u0644\u062a\u0633\u0644\u064a\u0645.<\/p>\n<\/li>\n<\/ul>\n<h3>4. \u0627\u0644\u062f\u0641\u0639 \u0648\u0627\u0644\u0627\u0634\u062a\u0631\u0627\u0643<\/h3>\n<ul>\n<li>\n<p>\u062a\u0639\u0645\u0644 \u0627\u0644\u062e\u062f\u0645\u0627\u062a \u0627\u0644\u0631\u0642\u0645\u064a\u0629 (MilenyumsAI\u060c MilenyumSMS\u060c \u0625\u0644\u062e) \u0628\u0646\u0638\u0627\u0645 \u0627\u0644\u0627\u0634\u062a\u0631\u0627\u0643 \u0623\u0648 \u0627\u0644\u0631\u0635\u064a\u062f.<\/p>\n<\/li>\n<li>\n<p>\u062a\u064f\u062d\u0635\u064e\u0651\u0644 \u0627\u0644\u0645\u062f\u0641\u0648\u0639\u0627\u062a \u0639\u0646 \u0637\u0631\u064a\u0642 \u0628\u0637\u0627\u0642\u0629 \u0627\u0644\u0627\u0626\u062a\u0645\u0627\u0646 \u0623\u0648 \u0627\u0644\u062a\u062d\u0648\u064a\u0644 \u0627\u0644\u0645\u0635\u0631\u0641\u064a. \u062a\u0634\u0645\u0644 \u0627\u0644\u0623\u0633\u0639\u0627\u0631 \u0645\u0639\u062f\u0644\u0627\u062a \u0636\u0631\u064a\u0628\u0629 \u0627\u0644\u0642\u064a\u0645\u0629 \u0627\u0644\u0645\u0636\u0627\u0641\u0629 \u0627\u0644\u0642\u0627\u0646\u0648\u0646\u064a\u0629 \u0645\u0627 \u0644\u0645 \u064a\u064f\u0630\u0643\u0631 \u062e\u0644\u0627\u0641 \u0630\u0644\u0643.<\/p>\n<\/li>\n<li>\n<p>\u062a\u062d\u062a\u0641\u0638 Milenyums \u0628\u0627\u0644\u062d\u0642 \u0641\u064a \u062a\u063a\u064a\u064a\u0631 \u0631\u0633\u0648\u0645 \u0627\u0644\u062e\u062f\u0645\u0629 \u0628\u0625\u0634\u0639\u0627\u0631 \u0645\u0633\u0628\u0642 \u0645\u0639\u0642\u0648\u0644.<\/p>\n<\/li>\n<\/ul>\n<h3>5. \u062d\u0642\u0648\u0642 \u0627\u0644\u0645\u0644\u0643\u064a\u0629 \u0627\u0644\u0641\u0643\u0631\u064a\u0629<\/h3>\n<ul>\n<li>\n<p>\u0627\u0633\u0645 \u0648\u0634\u0639\u0627\u0631 \u0648\u062a\u0635\u0627\u0645\u064a\u0645 \u0645\u0646\u0635\u0629 <b>Milenyums<\/b> \u0645\u0644\u0643 \u0644\u0634\u0631\u0643\u062a\u0646\u0627.<\/p>\n<\/li>\n<li>\n<p>\u062d\u0642\u0648\u0642 \u0627\u0644\u0637\u0628\u0639 \u0648\u0627\u0644\u0646\u0634\u0631 \u0644\u0644\u062a\u0645\u0627\u062b\u064a\u0644 \u0648\u0627\u0644\u0642\u0637\u0639 \u0627\u0644\u0623\u0635\u0644\u064a\u0629 \u0627\u0644\u0645\u0646\u062a\u062c\u0629 \u062a\u062d\u062a <b>MilenyumStudios<\/b> \u0645\u062d\u0641\u0648\u0638\u0629. \u064a\u064f\u062d\u0638\u0631 \u0627\u0644\u0646\u0633\u062e \u063a\u064a\u0631 \u0627\u0644\u0645\u0635\u0631\u062d \u0628\u0647 \u0623\u0648 \u0627\u0644\u0642\u0648\u0644\u0628\u0629\/\u0627\u0644\u062a\u0643\u0627\u062b\u0631.<\/p>\n<\/li>\n<\/ul>\n<h3>6. \u062a\u062d\u062f\u064a\u062f \u0627\u0644\u0645\u0633\u0624\u0648\u0644\u064a\u0629<\/h3>\n<p>\u0644\u0627 \u064a\u0645\u0643\u0646 \u062a\u062d\u0645\u064a\u0644 Milenyums \u0627\u0644\u0645\u0633\u0624\u0648\u0644\u064a\u0629 \u0639\u0646 \u0641\u0642\u062f\u0627\u0646 \u0627\u0644\u0628\u064a\u0627\u0646\u0627\u062a \u0623\u0648 \u0627\u0646\u0642\u0637\u0627\u0639 \u0627\u0644\u062e\u062f\u0645\u0629 \u0627\u0644\u0646\u0627\u062c\u0645 \u0639\u0646 \u0627\u0644\u0623\u0639\u0637\u0627\u0644 \u0627\u0644\u0641\u0646\u064a\u0629 \u0623\u0648 \u0627\u0646\u0642\u0637\u0627\u0639\u0627\u062a \u0627\u0644\u0625\u0646\u062a\u0631\u0646\u062a \u0623\u0648 \u0627\u0644\u0642\u0648\u0629 \u0627\u0644\u0642\u0627\u0647\u0631\u0629. \u0627\u0644\u0623\u0636\u0631\u0627\u0631 \u063a\u064a\u0631 \u0627\u0644\u0645\u0628\u0627\u0634\u0631\u0629 \u0627\u0644\u0646\u0627\u0634\u0626\u0629 \u0639\u0646 \u0627\u0633\u062a\u062e\u062f\u0627\u0645 \u0623\u062a\u0645\u062a\u0629 n8n \u0648\u0627\u0644\u062e\u062f\u0645\u0627\u062a \u0627\u0644\u0631\u0642\u0645\u064a\u0629 \u062e\u0627\u0631\u062c \u0646\u0637\u0627\u0642 \u0645\u0633\u0624\u0648\u0644\u064a\u0629 Milenyums.<\/p>\n<h3>7. \u0627\u0644\u0627\u062e\u062a\u0635\u0627\u0635 \u0627\u0644\u0642\u0627\u0646\u0648\u0646\u064a \u0648\u0627\u0644\u0646\u0632\u0627\u0639\u0627\u062a<\/h3>\n<p>\u0644\u0644\u0646\u0632\u0627\u0639\u0627\u062a \u0627\u0644\u0646\u0627\u0634\u0626\u0629 \u0639\u0646 \u0647\u0630\u0647 \u0627\u0644\u0627\u062a\u0641\u0627\u0642\u064a\u0629\u060c \u062a\u062e\u062a\u0635 <b>\u0645\u062d\u0627\u0643\u0645 \u0648\u0645\u0643\u0627\u062a\u0628 \u0627\u0644\u062a\u0646\u0641\u064a\u0630 \u0641\u064a \u0627\u0633\u0637\u0646\u0628\u0648\u0644 (\u0627\u0644\u0623\u0646\u0627\u0636\u0648\u0644)<\/b>. \u062a\u062e\u0636\u0639 \u0627\u0644\u0627\u062a\u0641\u0627\u0642\u064a\u0629 \u0644\u0642\u0648\u0627\u0646\u064a\u0646 \u062c\u0645\u0647\u0648\u0631\u064a\u0629 \u062a\u0631\u0643\u064a\u0627.<\/p>\n<h3>8. \u0627\u0644\u0627\u062a\u0635\u0627\u0644<\/h3>\n<p>\u0644\u062c\u0645\u064a\u0639 \u0623\u0633\u0626\u0644\u062a\u0643 \u0648\u0637\u0644\u0628\u0627\u062a\u0643 \u0627\u0644\u0645\u062a\u0639\u0644\u0642\u0629 \u0628\u0647\u0630\u0647 \u0627\u0644\u0627\u062a\u0641\u0627\u0642\u064a\u0629: <b>info@milenyums.com<\/b><\/p>\n<p><i>\u0645\u0644\u0627\u062d\u0638\u0629: \u0647\u0630\u0647 \u0627\u0644\u0648\u062b\u064a\u0642\u0629 \u0647\u064a \u062a\u0631\u062c\u0645\u0629 \u0645\u0642\u062f\u0645\u0629 \u0644\u0623\u063a\u0631\u0627\u0636 \u0625\u0639\u0644\u0627\u0645\u064a\u0629. \u0627\u0644\u0646\u0633\u062e\u0629 \u0627\u0644\u062a\u0631\u0643\u064a\u0629 \u0645\u0644\u0632\u0645\u0629 \u0642\u0627\u0646\u0648\u0646\u064a\u0627\u064b.<\/i><\/p>\n","protected":false},"excerpt":{"rendered":"<p>\u0622\u062e\u0631 \u062a\u062d\u062f\u064a\u062b: 08.01.2026 \u062a\u062d\u062f\u062f \u0634\u0631\u0648\u0637 \u0627\u0644\u0627\u0633\u062a\u062e\u062f\u0627\u0645 \u0648\u0627\u0644\u0623\u062d\u0643\u0627\u0645 \u0647\u0630\u0647 (&#8220;\u0627\u0644\u0627\u062a\u0641\u0627\u0642\u064a\u0629&#8221;) \u0627\u0644\u0642\u0648\u0627\u0639\u062f \u0627\u0644\u0645\u062a\u0639\u0644\u0642\u0629 \u0628\u0627\u0633\u062a\u062e\u062f\u0627\u0645 \u0645\u0648\u0627\u0642\u0639 \u0627\u0644\u0648\u064a\u0628 \u0648\u0627\u0644\u0628\u0631\u0627\u0645\u062c \u0648\u062e\u062f\u0645\u0627\u062a \u0627\u0644\u0625\u0646\u062a\u0627\u062c \u0627\u0644\u0645\u0627\u062f\u064a \u0627\u0644\u062a\u064a \u062a\u062f\u064a\u0631\u0647\u0627 Milenyums Dijital Foto\u011fraf\u00e7\u0131l\u0131k Reklam Ajans\u0131 Sanayi ve D\u0131\u015f Ticaret Limited \u015eirketi (&#8220;Milenyums&#8221;)\u060c \u0627\u0644\u062a\u064a \u064a\u0642\u0639 \u0645\u0642\u0631\u0647\u0627 \u0627\u0644\u0631\u0626\u064a\u0633\u064a \u0641\u064a \u0627\u0633\u0637\u0646\u0628\u0648\u0644\u060c \u062a\u0631\u0643\u064a\u0627. \u0645\u0646 \u062e\u0644\u0627\u0644 \u0627\u0633\u062a\u062e\u062f\u0627\u0645 Milenyums \u0648\u0639\u0644\u0627\u0645\u0627\u062a\u0646\u0627 \u0627\u0644\u062a\u062c\u0627\u0631\u064a\u0629 \u0627\u0644\u0641\u0631\u0639\u064a\u0629 \u0627\u0644\u0645\u0631\u062a\u0628\u0637\u0629 (MilenyumsAI\u060c MilenyumSMS\u060c MilenyumLink\u060c MilenyumStudios)\u060c \u062a\u0639\u062a\u0628\u0631 \u0642\u062f \u0642\u0628\u0644\u062a \u0647\u0630\u0647 [&hellip;]<\/p>\n","protected":false},"author":1,"featured_media":0,"parent":0,"menu_order":0,"comment_status":"closed","ping_status":"closed","template":"","meta":{"_acf_changed":false,"footnotes":""},"class_list":["post-1978","page","type-page","status-publish","hentry"],"acf":[],"yoast_head":"<!-- This site is optimized with the Yoast SEO Premium plugin v27.3 (Yoast SEO v27.3) - https:\/\/yoast.com\/product\/yoast-seo-premium-wordpress\/ -->\n<title>\u0627\u0644\u0634\u0631\u0648\u0637 \u0648\u0627\u0644\u0623\u062d\u0643\u0627\u0645 - Milenyums Digital<\/title>\n<meta name=\"description\" content=\"\u0627\u0644\u0634\u0631\u0648\u0637 \u0648\u0627\u0644\u0623\u062d\u0643\u0627\u0645 \u0644\u0640 Milenyums Digital. \u0627\u0642\u0631\u0623 \u0627\u0644\u0642\u0648\u0627\u0639\u062f \u0627\u0644\u062a\u064a \u062a\u062d\u0643\u0645 \u0627\u0633\u062a\u062e\u062f\u0627\u0645 \u0645\u0648\u0627\u0642\u0639\u0646\u0627 \u0627\u0644\u0625\u0644\u0643\u062a\u0631\u0648\u0646\u064a\u0629 \u0648\u0628\u0631\u0627\u0645\u062c\u0646\u0627 \u0648\u062e\u062f\u0645\u0627\u062a \u0627\u0644\u0625\u0646\u062a\u0627\u062c \u0627\u0644\u0645\u0627\u062f\u064a.\" \/>\n<meta name=\"robots\" content=\"index, follow, max-snippet:-1, max-image-preview:large, max-video-preview:-1\" \/>\n<link rel=\"canonical\" href=\"https:\/\/milenyums.com\/ar\/shurut-wa-ahkam\/\" \/>\n<meta property=\"og:locale\" content=\"ar_AR\" \/>\n<meta property=\"og:type\" content=\"article\" \/>\n<meta property=\"og:title\" content=\"\u0627\u0644\u0634\u0631\u0648\u0637 \u0648\u0627\u0644\u0623\u062d\u0643\u0627\u0645 - Milenyums Digital\" \/>\n<meta property=\"og:description\" content=\"\u0627\u0644\u0634\u0631\u0648\u0637 \u0648\u0627\u0644\u0623\u062d\u0643\u0627\u0645 \u0644\u0640 Milenyums Digital. \u0627\u0642\u0631\u0623 \u0627\u0644\u0642\u0648\u0627\u0639\u062f \u0627\u0644\u062a\u064a \u062a\u062d\u0643\u0645 \u0627\u0633\u062a\u062e\u062f\u0627\u0645 \u0645\u0648\u0627\u0642\u0639\u0646\u0627 \u0627\u0644\u0625\u0644\u0643\u062a\u0631\u0648\u0646\u064a\u0629 \u0648\u0628\u0631\u0627\u0645\u062c\u0646\u0627 \u0648\u062e\u062f\u0645\u0627\u062a \u0627\u0644\u0625\u0646\u062a\u0627\u062c \u0627\u0644\u0645\u0627\u062f\u064a.\" \/>\n<meta property=\"og:url\" content=\"https:\/\/milenyums.com\/ar\/shurut-wa-ahkam\/\" \/>\n<meta property=\"og:site_name\" content=\"Milenyums Dijital\" \/>\n<meta name=\"twitter:card\" content=\"summary_large_image\" \/>\n<meta name=\"twitter:title\" content=\"\u0627\u0644\u0634\u0631\u0648\u0637 \u0648\u0627\u0644\u0623\u062d\u0643\u0627\u0645 - Milenyums Digital\" \/>\n<meta name=\"twitter:description\" content=\"\u0627\u0644\u0634\u0631\u0648\u0637 \u0648\u0627\u0644\u0623\u062d\u0643\u0627\u0645 \u0644\u0640 Milenyums Digital. \u0627\u0642\u0631\u0623 \u0627\u0644\u0642\u0648\u0627\u0639\u062f \u0627\u0644\u062a\u064a \u062a\u062d\u0643\u0645 \u0627\u0633\u062a\u062e\u062f\u0627\u0645 \u0645\u0648\u0627\u0642\u0639\u0646\u0627 \u0627\u0644\u0625\u0644\u0643\u062a\u0631\u0648\u0646\u064a\u0629 \u0648\u0628\u0631\u0627\u0645\u062c\u0646\u0627 \u0648\u062e\u062f\u0645\u0627\u062a \u0627\u0644\u0625\u0646\u062a\u0627\u062c \u0627\u0644\u0645\u0627\u062f\u064a.\" \/>\n<script type=\"application\/ld+json\" class=\"yoast-schema-graph\">{\"@context\":\"https:\\\/\\\/schema.org\",\"@graph\":[{\"@type\":\"WebPage\",\"@id\":\"https:\\\/\\\/milenyums.com\\\/ar\\\/shurut-wa-ahkam\\\/\",\"url\":\"https:\\\/\\\/milenyums.com\\\/ar\\\/shurut-wa-ahkam\\\/\",\"name\":\"\u0627\u0644\u0634\u0631\u0648\u0637 \u0648\u0627\u0644\u0623\u062d\u0643\u0627\u0645 - Milenyums Digital\",\"isPartOf\":{\"@id\":\"https:\\\/\\\/milenyums.com\\\/ar\\\/#website\"},\"datePublished\":\"2026-01-08T16:09:59+00:00\",\"description\":\"\u0627\u0644\u0634\u0631\u0648\u0637 \u0648\u0627\u0644\u0623\u062d\u0643\u0627\u0645 \u0644\u0640 Milenyums Digital. \u0627\u0642\u0631\u0623 \u0627\u0644\u0642\u0648\u0627\u0639\u062f \u0627\u0644\u062a\u064a \u062a\u062d\u0643\u0645 \u0627\u0633\u062a\u062e\u062f\u0627\u0645 \u0645\u0648\u0627\u0642\u0639\u0646\u0627 \u0627\u0644\u0625\u0644\u0643\u062a\u0631\u0648\u0646\u064a\u0629 \u0648\u0628\u0631\u0627\u0645\u062c\u0646\u0627 \u0648\u062e\u062f\u0645\u0627\u062a \u0627\u0644\u0625\u0646\u062a\u0627\u062c \u0627\u0644\u0645\u0627\u062f\u064a.\",\"breadcrumb\":{\"@id\":\"https:\\\/\\\/milenyums.com\\\/ar\\\/shurut-wa-ahkam\\\/#breadcrumb\"},\"inLanguage\":\"ar\",\"potentialAction\":[{\"@type\":\"ReadAction\",\"target\":[\"https:\\\/\\\/milenyums.com\\\/ar\\\/shurut-wa-ahkam\\\/\"]}]},{\"@type\":\"BreadcrumbList\",\"@id\":\"https:\\\/\\\/milenyums.com\\\/ar\\\/shurut-wa-ahkam\\\/#breadcrumb\",\"itemListElement\":[{\"@type\":\"ListItem\",\"position\":1,\"name\":\"Anasayfa\",\"item\":\"https:\\\/\\\/milenyums.com\\\/ar\\\/\"},{\"@type\":\"ListItem\",\"position\":2,\"name\":\"\u0627\u0644\u0634\u0631\u0648\u0637 \u0648\u0627\u0644\u0623\u062d\u0643\u0627\u0645\"}]},{\"@type\":\"WebSite\",\"@id\":\"https:\\\/\\\/milenyums.com\\\/ar\\\/#website\",\"url\":\"https:\\\/\\\/milenyums.com\\\/ar\\\/\",\"name\":\"Milenyums Dijital\",\"description\":\"\",\"publisher\":{\"@id\":\"https:\\\/\\\/milenyums.com\\\/ar\\\/#organization\"},\"potentialAction\":[{\"@type\":\"SearchAction\",\"target\":{\"@type\":\"EntryPoint\",\"urlTemplate\":\"https:\\\/\\\/milenyums.com\\\/ar\\\/?s={search_term_string}\"},\"query-input\":{\"@type\":\"PropertyValueSpecification\",\"valueRequired\":true,\"valueName\":\"search_term_string\"}}],\"inLanguage\":\"ar\"},{\"@type\":\"Organization\",\"@id\":\"https:\\\/\\\/milenyums.com\\\/ar\\\/#organization\",\"name\":\"Milenyums Dijital\",\"url\":\"https:\\\/\\\/milenyums.com\\\/ar\\\/\",\"logo\":{\"@type\":\"ImageObject\",\"inLanguage\":\"ar\",\"@id\":\"https:\\\/\\\/milenyums.com\\\/ar\\\/#\\\/schema\\\/logo\\\/image\\\/\",\"url\":\"https:\\\/\\\/milenyums.com\\\/mfiles\\\/2025\\\/11\\\/milenyums-white-logo-png.png\",\"contentUrl\":\"https:\\\/\\\/milenyums.com\\\/mfiles\\\/2025\\\/11\\\/milenyums-white-logo-png.png\",\"width\":2329,\"height\":405,\"caption\":\"Milenyums Dijital\"},\"image\":{\"@id\":\"https:\\\/\\\/milenyums.com\\\/ar\\\/#\\\/schema\\\/logo\\\/image\\\/\"}}]}<\/script>\n<!-- \/ Yoast SEO Premium plugin. -->","yoast_head_json":{"title":"\u0627\u0644\u0634\u0631\u0648\u0637 \u0648\u0627\u0644\u0623\u062d\u0643\u0627\u0645 - Milenyums Digital","description":"\u0627\u0644\u0634\u0631\u0648\u0637 \u0648\u0627\u0644\u0623\u062d\u0643\u0627\u0645 \u0644\u0640 Milenyums Digital. \u0627\u0642\u0631\u0623 \u0627\u0644\u0642\u0648\u0627\u0639\u062f \u0627\u0644\u062a\u064a \u062a\u062d\u0643\u0645 \u0627\u0633\u062a\u062e\u062f\u0627\u0645 \u0645\u0648\u0627\u0642\u0639\u0646\u0627 \u0627\u0644\u0625\u0644\u0643\u062a\u0631\u0648\u0646\u064a\u0629 \u0648\u0628\u0631\u0627\u0645\u062c\u0646\u0627 \u0648\u062e\u062f\u0645\u0627\u062a \u0627\u0644\u0625\u0646\u062a\u0627\u062c \u0627\u0644\u0645\u0627\u062f\u064a.","robots":{"index":"index","follow":"follow","max-snippet":"max-snippet:-1","max-image-preview":"max-image-preview:large","max-video-preview":"max-video-preview:-1"},"canonical":"https:\/\/milenyums.com\/ar\/shurut-wa-ahkam\/","og_locale":"ar_AR","og_type":"article","og_title":"\u0627\u0644\u0634\u0631\u0648\u0637 \u0648\u0627\u0644\u0623\u062d\u0643\u0627\u0645 - Milenyums Digital","og_description":"\u0627\u0644\u0634\u0631\u0648\u0637 \u0648\u0627\u0644\u0623\u062d\u0643\u0627\u0645 \u0644\u0640 Milenyums Digital. \u0627\u0642\u0631\u0623 \u0627\u0644\u0642\u0648\u0627\u0639\u062f \u0627\u0644\u062a\u064a \u062a\u062d\u0643\u0645 \u0627\u0633\u062a\u062e\u062f\u0627\u0645 \u0645\u0648\u0627\u0642\u0639\u0646\u0627 \u0627\u0644\u0625\u0644\u0643\u062a\u0631\u0648\u0646\u064a\u0629 \u0648\u0628\u0631\u0627\u0645\u062c\u0646\u0627 \u0648\u062e\u062f\u0645\u0627\u062a \u0627\u0644\u0625\u0646\u062a\u0627\u062c \u0627\u0644\u0645\u0627\u062f\u064a.","og_url":"https:\/\/milenyums.com\/ar\/shurut-wa-ahkam\/","og_site_name":"Milenyums Dijital","twitter_card":"summary_large_image","twitter_title":"\u0627\u0644\u0634\u0631\u0648\u0637 \u0648\u0627\u0644\u0623\u062d\u0643\u0627\u0645 - Milenyums Digital","twitter_description":"\u0627\u0644\u0634\u0631\u0648\u0637 \u0648\u0627\u0644\u0623\u062d\u0643\u0627\u0645 \u0644\u0640 Milenyums Digital. \u0627\u0642\u0631\u0623 \u0627\u0644\u0642\u0648\u0627\u0639\u062f \u0627\u0644\u062a\u064a \u062a\u062d\u0643\u0645 \u0627\u0633\u062a\u062e\u062f\u0627\u0645 \u0645\u0648\u0627\u0642\u0639\u0646\u0627 \u0627\u0644\u0625\u0644\u0643\u062a\u0631\u0648\u0646\u064a\u0629 \u0648\u0628\u0631\u0627\u0645\u062c\u0646\u0627 \u0648\u062e\u062f\u0645\u0627\u062a \u0627\u0644\u0625\u0646\u062a\u0627\u062c \u0627\u0644\u0645\u0627\u062f\u064a.","schema":{"@context":"https:\/\/schema.org","@graph":[{"@type":"WebPage","@id":"https:\/\/milenyums.com\/ar\/shurut-wa-ahkam\/","url":"https:\/\/milenyums.com\/ar\/shurut-wa-ahkam\/","name":"\u0627\u0644\u0634\u0631\u0648\u0637 \u0648\u0627\u0644\u0623\u062d\u0643\u0627\u0645 - Milenyums Digital","isPartOf":{"@id":"https:\/\/milenyums.com\/ar\/#website"},"datePublished":"2026-01-08T16:09:59+00:00","description":"\u0627\u0644\u0634\u0631\u0648\u0637 \u0648\u0627\u0644\u0623\u062d\u0643\u0627\u0645 \u0644\u0640 Milenyums Digital. \u0627\u0642\u0631\u0623 \u0627\u0644\u0642\u0648\u0627\u0639\u062f \u0627\u0644\u062a\u064a \u062a\u062d\u0643\u0645 \u0627\u0633\u062a\u062e\u062f\u0627\u0645 \u0645\u0648\u0627\u0642\u0639\u0646\u0627 \u0627\u0644\u0625\u0644\u0643\u062a\u0631\u0648\u0646\u064a\u0629 \u0648\u0628\u0631\u0627\u0645\u062c\u0646\u0627 \u0648\u062e\u062f\u0645\u0627\u062a \u0627\u0644\u0625\u0646\u062a\u0627\u062c \u0627\u0644\u0645\u0627\u062f\u064a.","breadcrumb":{"@id":"https:\/\/milenyums.com\/ar\/shurut-wa-ahkam\/#breadcrumb"},"inLanguage":"ar","potentialAction":[{"@type":"ReadAction","target":["https:\/\/milenyums.com\/ar\/shurut-wa-ahkam\/"]}]},{"@type":"BreadcrumbList","@id":"https:\/\/milenyums.com\/ar\/shurut-wa-ahkam\/#breadcrumb","itemListElement":[{"@type":"ListItem","position":1,"name":"Anasayfa","item":"https:\/\/milenyums.com\/ar\/"},{"@type":"ListItem","position":2,"name":"\u0627\u0644\u0634\u0631\u0648\u0637 \u0648\u0627\u0644\u0623\u062d\u0643\u0627\u0645"}]},{"@type":"WebSite","@id":"https:\/\/milenyums.com\/ar\/#website","url":"https:\/\/milenyums.com\/ar\/","name":"Milenyums Dijital","description":"","publisher":{"@id":"https:\/\/milenyums.com\/ar\/#organization"},"potentialAction":[{"@type":"SearchAction","target":{"@type":"EntryPoint","urlTemplate":"https:\/\/milenyums.com\/ar\/?s={search_term_string}"},"query-input":{"@type":"PropertyValueSpecification","valueRequired":true,"valueName":"search_term_string"}}],"inLanguage":"ar"},{"@type":"Organization","@id":"https:\/\/milenyums.com\/ar\/#organization","name":"Milenyums Dijital","url":"https:\/\/milenyums.com\/ar\/","logo":{"@type":"ImageObject","inLanguage":"ar","@id":"https:\/\/milenyums.com\/ar\/#\/schema\/logo\/image\/","url":"https:\/\/milenyums.com\/mfiles\/2025\/11\/milenyums-white-logo-png.png","contentUrl":"https:\/\/milenyums.com\/mfiles\/2025\/11\/milenyums-white-logo-png.png","width":2329,"height":405,"caption":"Milenyums Dijital"},"image":{"@id":"https:\/\/milenyums.com\/ar\/#\/schema\/logo\/image\/"}}]}},"_links":{"self":[{"href":"https:\/\/milenyums.com\/ar\/wp-json\/wp\/v2\/pages\/1978","targetHints":{"allow":["GET"]}}],"collection":[{"href":"https:\/\/milenyums.com\/ar\/wp-json\/wp\/v2\/pages"}],"about":[{"href":"https:\/\/milenyums.com\/ar\/wp-json\/wp\/v2\/types\/page"}],"author":[{"embeddable":true,"href":"https:\/\/milenyums.com\/ar\/wp-json\/wp\/v2\/users\/1"}],"replies":[{"embeddable":true,"href":"https:\/\/milenyums.com\/ar\/wp-json\/wp\/v2\/comments?post=1978"}],"version-history":[{"count":0,"href":"https:\/\/milenyums.com\/ar\/wp-json\/wp\/v2\/pages\/1978\/revisions"}],"wp:attachment":[{"href":"https:\/\/milenyums.com\/ar\/wp-json\/wp\/v2\/media?parent=1978"}],"curies":[{"name":"wp","href":"https:\/\/api.w.org\/{rel}","templated":true}]}}