{"id":2136,"date":"2026-04-30T11:09:11","date_gmt":"2026-04-30T08:09:11","guid":{"rendered":"https:\/\/milenyums.com\/web-servidor\/"},"modified":"2026-04-30T11:09:11","modified_gmt":"2026-04-30T08:09:11","slug":"web-servidor","status":"publish","type":"page","link":"https:\/\/milenyums.com\/es\/web-servidor\/","title":{"rendered":"Web &#038; Servidor"},"content":{"rendered":"\t\t<div data-elementor-type=\"wp-page\" data-elementor-id=\"2136\" class=\"elementor elementor-2136 elementor-2121\" data-elementor-post-type=\"page\">\n\t\t\t\t<div class=\"elementor-element elementor-element-de8e053 e-flex e-con-boxed e-con e-parent\" data-id=\"de8e053\" data-element_type=\"container\" data-e-type=\"container\" data-settings=\"{&quot;background_background&quot;:&quot;gradient&quot;}\">\n\t\t\t\t\t<div class=\"e-con-inner\">\n\t\t\t\t<div class=\"elementor-element elementor-element-0c63d54 elementor-widget elementor-widget-button\" data-id=\"0c63d54\" data-element_type=\"widget\" data-e-type=\"widget\" data-widget_type=\"button.default\">\n\t\t\t\t\t\t\t\t\t\t<a class=\"elementor-button elementor-button-link elementor-size-sm\" href=\"#\">\n\t\t\t\t\t\t<span class=\"elementor-button-content-wrapper\">\n\t\t\t\t\t\t\t\t\t<span class=\"elementor-button-text\"><span class=\"nnokta-animasyonu\">\u2b24 <\/span>  DESARROLLO \u2022 INFRAESTRUCTURA \u2022 RENDIMIENTO<\/span>\n\t\t\t\t\t<\/span>\n\t\t\t\t\t<\/a>\n\t\t\t\t\t\t\t\t<\/div>\n\t\t\t\t<div class=\"elementor-element elementor-element-904054c elementor-widget elementor-widget-heading\" data-id=\"904054c\" data-element_type=\"widget\" data-e-type=\"widget\" data-widget_type=\"heading.default\">\n\t\t\t\t\t<div class=\"elementor-heading-title elementor-size-default\">R\u00e1pido y seguro<\/div>\t\t\t\t<\/div>\n\t\t\t\t<div class=\"elementor-element elementor-element-3bb43a9 elementor-widget elementor-widget-heading\" data-id=\"3bb43a9\" data-element_type=\"widget\" data-e-type=\"widget\" data-widget_type=\"heading.default\">\n\t\t\t\t\t<h1 class=\"elementor-heading-title elementor-size-default\">Web &amp; Servidor<\/h1>\t\t\t\t<\/div>\n\t\t\t\t<div class=\"elementor-element elementor-element-6dc3e54 elementor-widget__width-initial elementor-widget elementor-widget-text-editor\" data-id=\"6dc3e54\" data-element_type=\"widget\" data-e-type=\"widget\" data-widget_type=\"text-editor.default\">\n\t\t\t\t\t\t\t\t\t<p>Soluciones web de extremo a extremo desde tecnolog\u00edas frontend modernas hasta gesti\u00f3n de infraestructura empresarial. R\u00e1pido, seguro y escalable.<\/p>\t\t\t\t\t\t\t\t<\/div>\n\t\t<div class=\"elementor-element elementor-element-c0a10aa e-con-full e-flex e-con e-parent\" data-id=\"c0a10aa\" data-element_type=\"container\" data-e-type=\"container\">\n\t\t\t\t<div class=\"elementor-element elementor-element-993d8d4 elementor-widget elementor-widget-button\" data-id=\"993d8d4\" data-element_type=\"widget\" data-e-type=\"widget\" data-widget_type=\"button.default\">\n\t\t\t\t\t\t\t\t\t\t<a class=\"elementor-button elementor-button-link elementor-size-sm\" href=\"#\">\n\t\t\t\t\t\t<span class=\"elementor-button-content-wrapper\">\n\t\t\t\t\t\t\t\t\t<span class=\"elementor-button-text\"><span class=\"sabit-numara\">01  <\/span>  Next.js<\/span>\n\t\t\t\t\t<\/span>\n\t\t\t\t\t<\/a>\n\t\t\t\t\t\t\t\t<\/div>\n\t\t\t\t<div class=\"elementor-element elementor-element-f8d8aa6 elementor-widget elementor-widget-button\" data-id=\"f8d8aa6\" data-element_type=\"widget\" data-e-type=\"widget\" data-widget_type=\"button.default\">\n\t\t\t\t\t\t\t\t\t\t<a class=\"elementor-button elementor-button-link elementor-size-sm\" href=\"#\">\n\t\t\t\t\t\t<span class=\"elementor-button-content-wrapper\">\n\t\t\t\t\t\t\t\t\t<span class=\"elementor-button-text\"><span class=\"sabit-numara\">02  <\/span>  Laravel<\/span>\n\t\t\t\t\t<\/span>\n\t\t\t\t\t<\/a>\n\t\t\t\t\t\t\t\t<\/div>\n\t\t\t\t<div class=\"elementor-element elementor-element-d36dbf0 elementor-widget elementor-widget-button\" data-id=\"d36dbf0\" data-element_type=\"widget\" data-e-type=\"widget\" data-widget_type=\"button.default\">\n\t\t\t\t\t\t\t\t\t\t<a class=\"elementor-button elementor-button-link elementor-size-sm\" href=\"#\">\n\t\t\t\t\t\t<span class=\"elementor-button-content-wrapper\">\n\t\t\t\t\t\t\t\t\t<span class=\"elementor-button-text\"><span class=\"sabit-numara\">03  <\/span>  AWS<\/span>\n\t\t\t\t\t<\/span>\n\t\t\t\t\t<\/a>\n\t\t\t\t\t\t\t\t<\/div>\n\t\t\t\t<div class=\"elementor-element elementor-element-e30be58 elementor-widget elementor-widget-button\" data-id=\"e30be58\" data-element_type=\"widget\" data-e-type=\"widget\" data-widget_type=\"button.default\">\n\t\t\t\t\t\t\t\t\t\t<a class=\"elementor-button elementor-button-link elementor-size-sm\" href=\"#\">\n\t\t\t\t\t\t<span class=\"elementor-button-content-wrapper\">\n\t\t\t\t\t\t\t\t\t<span class=\"elementor-button-text\"><span class=\"sabit-numara\">04  <\/span>  Cloudflare<\/span>\n\t\t\t\t\t<\/span>\n\t\t\t\t\t<\/a>\n\t\t\t\t\t\t\t\t<\/div>\n\t\t\t\t<div class=\"elementor-element elementor-element-1ad2ee2 elementor-widget elementor-widget-button\" data-id=\"1ad2ee2\" data-element_type=\"widget\" data-e-type=\"widget\" data-widget_type=\"button.default\">\n\t\t\t\t\t\t\t\t\t\t<a class=\"elementor-button elementor-button-link elementor-size-sm\" href=\"#\">\n\t\t\t\t\t\t<span class=\"elementor-button-content-wrapper\">\n\t\t\t\t\t\t\t\t\t<span class=\"elementor-button-text\"><span class=\"sabit-numara\">05  <\/span>  Docker<\/span>\n\t\t\t\t\t<\/span>\n\t\t\t\t\t<\/a>\n\t\t\t\t\t\t\t\t<\/div>\n\t\t\t\t<div class=\"elementor-element elementor-element-ec8073f elementor-widget elementor-widget-button\" data-id=\"ec8073f\" data-element_type=\"widget\" data-e-type=\"widget\" data-widget_type=\"button.default\">\n\t\t\t\t\t\t\t\t\t\t<a class=\"elementor-button elementor-button-link elementor-size-sm\" href=\"#\">\n\t\t\t\t\t\t<span class=\"elementor-button-content-wrapper\">\n\t\t\t\t\t\t\t\t\t<span class=\"elementor-button-text\"><span class=\"sabit-numara\">06  <\/span>  DevOps<\/span>\n\t\t\t\t\t<\/span>\n\t\t\t\t\t<\/a>\n\t\t\t\t\t\t\t\t<\/div>\n\t\t\t\t<\/div>\n\t\t\t\t\t<\/div>\n\t\t\t\t<\/div>\n\t\t<div class=\"elementor-element elementor-element-7911aab e-con-boxed e-flex e-con e-parent\" data-id=\"7911aab\" data-element_type=\"container\" data-e-type=\"container\" data-settings=\"{&quot;background_background&quot;:&quot;classic&quot;}\">\n\t\t\t\t\t<div class=\"e-con-inner\">\n\t\t<div class=\"elementor-element elementor-element-39f503a e-flex e-con-boxed e-con e-parent\" data-id=\"39f503a\" data-element_type=\"container\" data-e-type=\"container\" data-settings=\"{&quot;background_background&quot;:&quot;classic&quot;}\">\n\t\t\t\t\t<div class=\"e-con-inner\">\n\t\t\t\t<div class=\"elementor-element elementor-element-221ccdc elementor-widget elementor-widget-heading\" data-id=\"221ccdc\" data-element_type=\"widget\" data-e-type=\"widget\" data-widget_type=\"heading.default\">\n\t\t\t\t\t<h3 class=\"elementor-heading-title elementor-size-default\">Desarrollo Web<\/h3>\t\t\t\t<\/div>\n\t\t\t\t<div class=\"elementor-element elementor-element-375ba38 elementor-widget elementor-widget-text-editor\" data-id=\"375ba38\" data-element_type=\"widget\" data-e-type=\"widget\" data-widget_type=\"text-editor.default\">\n\t\t\t\t\t\t\t\t\t<p>Sitios web corporativos modernos y de alto rendimiento con Next.js, React, Laravel, WordPress.<\/p>\t\t\t\t\t\t\t\t<\/div>\n\t\t\t\t\t<\/div>\n\t\t\t\t<\/div>\n\t\t<div class=\"elementor-element elementor-element-af329fe e-flex e-con-boxed e-con e-parent\" data-id=\"af329fe\" data-element_type=\"container\" data-e-type=\"container\" data-settings=\"{&quot;background_background&quot;:&quot;classic&quot;}\">\n\t\t\t\t\t<div class=\"e-con-inner\">\n\t\t\t\t<div class=\"elementor-element elementor-element-e26d23a elementor-widget elementor-widget-heading\" data-id=\"e26d23a\" data-element_type=\"widget\" data-e-type=\"widget\" data-widget_type=\"heading.default\">\n\t\t\t\t\t<h3 class=\"elementor-heading-title elementor-size-default\">Gesti\u00f3n de Servidores<\/h3>\t\t\t\t<\/div>\n\t\t\t\t<div class=\"elementor-element elementor-element-ba592e9 elementor-widget elementor-widget-text-editor\" data-id=\"ba592e9\" data-element_type=\"widget\" data-e-type=\"widget\" data-widget_type=\"text-editor.default\">\n\t\t\t\t\t\t\t\t\t<p>Monitoreo 24\/7, respaldo y seguridad en AWS, Google Cloud, DigitalOcean.<\/p>\t\t\t\t\t\t\t\t<\/div>\n\t\t\t\t\t<\/div>\n\t\t\t\t<\/div>\n\t\t<div class=\"elementor-element elementor-element-d547078 e-flex e-con-boxed e-con e-parent\" data-id=\"d547078\" data-element_type=\"container\" data-e-type=\"container\" data-settings=\"{&quot;background_background&quot;:&quot;classic&quot;}\">\n\t\t\t\t\t<div class=\"e-con-inner\">\n\t\t\t\t<div class=\"elementor-element elementor-element-44e4a80 elementor-widget elementor-widget-heading\" data-id=\"44e4a80\" data-element_type=\"widget\" data-e-type=\"widget\" data-widget_type=\"heading.default\">\n\t\t\t\t\t<h3 class=\"elementor-heading-title elementor-size-default\">Optimizaci\u00f3n de Rendimiento<\/h3>\t\t\t\t<\/div>\n\t\t\t\t<div class=\"elementor-element elementor-element-e98e01a elementor-widget elementor-widget-text-editor\" data-id=\"e98e01a\" data-element_type=\"widget\" data-e-type=\"widget\" data-widget_type=\"text-editor.default\">\n\t\t\t\t\t\t\t\t\t<p>Tiempos de carga <2s con Core Web Vitals, CDN, lazy loading y cach\u00e9.<\/p>\t\t\t\t\t\t\t\t<\/div>\n\t\t\t\t\t<\/div>\n\t\t\t\t<\/div>\n\t\t<div class=\"elementor-element elementor-element-a4a796c e-flex e-con-boxed e-con e-parent\" data-id=\"a4a796c\" data-element_type=\"container\" data-e-type=\"container\" data-settings=\"{&quot;background_background&quot;:&quot;classic&quot;}\">\n\t\t\t\t\t<div class=\"e-con-inner\">\n\t\t\t\t<div class=\"elementor-element elementor-element-7bc427e elementor-widget elementor-widget-heading\" data-id=\"7bc427e\" data-element_type=\"widget\" data-e-type=\"widget\" data-widget_type=\"heading.default\">\n\t\t\t\t\t<h3 class=\"elementor-heading-title elementor-size-default\">Seguridad<\/h3>\t\t\t\t<\/div>\n\t\t\t\t<div class=\"elementor-element elementor-element-e975c2b elementor-widget elementor-widget-text-editor\" data-id=\"e975c2b\" data-element_type=\"widget\" data-e-type=\"widget\" data-widget_type=\"text-editor.default\">\n\t\t\t\t\t\t\t\t\t<p>WAF, protecci\u00f3n DDoS, gesti\u00f3n SSL, escaneo de malware y pentest regular.<\/p>\t\t\t\t\t\t\t\t<\/div>\n\t\t\t\t\t<\/div>\n\t\t\t\t<\/div>\n\t\t<div class=\"elementor-element elementor-element-0b69f82 e-flex e-con-boxed e-con e-parent\" data-id=\"0b69f82\" data-element_type=\"container\" data-e-type=\"container\" data-settings=\"{&quot;background_background&quot;:&quot;classic&quot;}\">\n\t\t\t\t\t<div class=\"e-con-inner\">\n\t\t\t\t<div class=\"elementor-element elementor-element-710fcc3 elementor-widget elementor-widget-heading\" data-id=\"710fcc3\" data-element_type=\"widget\" data-e-type=\"widget\" data-widget_type=\"heading.default\">\n\t\t\t\t\t<h3 class=\"elementor-heading-title elementor-size-default\">Mantenimiento y Soporte<\/h3>\t\t\t\t<\/div>\n\t\t\t\t<div class=\"elementor-element elementor-element-62fecfb elementor-widget elementor-widget-text-editor\" data-id=\"62fecfb\" data-element_type=\"widget\" data-e-type=\"widget\" data-widget_type=\"text-editor.default\">\n\t\t\t\t\t\t\t\t\t<p>Actualizaciones mensuales, correcciones de errores, soporte de contenido y respuesta de emergencia 24\/7.<\/p>\t\t\t\t\t\t\t\t<\/div>\n\t\t\t\t\t<\/div>\n\t\t\t\t<\/div>\n\t\t<div class=\"elementor-element elementor-element-9fdb37e e-flex e-con-boxed e-con e-parent\" data-id=\"9fdb37e\" data-element_type=\"container\" data-e-type=\"container\" data-settings=\"{&quot;background_background&quot;:&quot;classic&quot;}\">\n\t\t\t\t\t<div class=\"e-con-inner\">\n\t\t\t\t<div class=\"elementor-element elementor-element-c702eb4 elementor-widget elementor-widget-heading\" data-id=\"c702eb4\" data-element_type=\"widget\" data-e-type=\"widget\" data-widget_type=\"heading.default\">\n\t\t\t\t\t<h3 class=\"elementor-heading-title elementor-size-default\">DevOps y CI\/CD<\/h3>\t\t\t\t<\/div>\n\t\t\t\t<div class=\"elementor-element elementor-element-98b762e elementor-widget elementor-widget-text-editor\" data-id=\"98b762e\" data-element_type=\"widget\" data-e-type=\"widget\" data-widget_type=\"text-editor.default\">\n\t\t\t\t\t\t\t\t\t<p>Despliegue automatizado y gesti\u00f3n de versiones con GitHub Actions, GitLab CI, Docker.<\/p>\t\t\t\t\t\t\t\t<\/div>\n\t\t\t\t\t<\/div>\n\t\t\t\t<\/div>\n\t\t\t\t\t<\/div>\n\t\t\t\t<\/div>\n\t\t<div class=\"elementor-element elementor-element-5491e17 e-flex e-con-boxed e-con e-parent\" data-id=\"5491e17\" data-element_type=\"container\" data-e-type=\"container\" data-settings=\"{&quot;background_background&quot;:&quot;gradient&quot;}\">\n\t\t\t\t\t<div class=\"e-con-inner\">\n\t\t\t\t<div class=\"elementor-element elementor-element-61391d6 elementor-widget__width-initial elementor-widget elementor-widget-heading\" data-id=\"61391d6\" data-element_type=\"widget\" data-e-type=\"widget\" data-widget_type=\"heading.default\">\n\t\t\t\t\t<h2 class=\"elementor-heading-title elementor-size-default\">Fortalezcamos Su Infraestructura Digital<\/h2>\t\t\t\t<\/div>\n\t\t\t\t<div class=\"elementor-element elementor-element-908baa1 elementor-align-center kesbutdaha elementor-widget elementor-widget-button\" data-id=\"908baa1\" data-element_type=\"widget\" data-e-type=\"widget\" data-widget_type=\"button.default\">\n\t\t\t\t\t\t\t\t\t\t<a class=\"elementor-button elementor-button-link elementor-size-sm\" href=\"\/es\/contacto\">\n\t\t\t\t\t\t<span class=\"elementor-button-content-wrapper\">\n\t\t\t\t\t\t\t\t\t<span class=\"elementor-button-text\">HABLEMOS<\/span>\n\t\t\t\t\t<\/span>\n\t\t\t\t\t<\/a>\n\t\t\t\t\t\t\t\t<\/div>\n\t\t\t\t\t<\/div>\n\t\t\t\t<\/div>\n\t\t\t\t<\/div>\n\t\t","protected":false},"excerpt":{"rendered":"","protected":false},"author":1,"featured_media":0,"parent":0,"menu_order":0,"comment_status":"closed","ping_status":"closed","template":"","meta":{"_acf_changed":false,"footnotes":""},"class_list":["post-2136","page","type-page","status-publish","hentry"],"acf":[],"yoast_head":"<!-- This site is optimized with the Yoast SEO Premium plugin v27.3 (Yoast SEO v27.3) - https:\/\/yoast.com\/product\/yoast-seo-premium-wordpress\/ -->\n<title>Web &amp; Servidor - Milenyums Dijital<\/title>\n<meta name=\"robots\" content=\"index, follow, max-snippet:-1, max-image-preview:large, max-video-preview:-1\" \/>\n<link rel=\"canonical\" href=\"https:\/\/milenyums.com\/es\/web-servidor\/\" \/>\n<meta property=\"og:locale\" content=\"es_ES\" \/>\n<meta property=\"og:type\" content=\"article\" \/>\n<meta property=\"og:title\" content=\"Web &amp; Servidor\" \/>\n<meta property=\"og:url\" content=\"https:\/\/milenyums.com\/es\/web-servidor\/\" \/>\n<meta property=\"og:site_name\" content=\"Milenyums Dijital\" \/>\n<meta name=\"twitter:card\" content=\"summary_large_image\" \/>\n<script type=\"application\/ld+json\" class=\"yoast-schema-graph\">{\"@context\":\"https:\\\/\\\/schema.org\",\"@graph\":[{\"@type\":\"WebPage\",\"@id\":\"https:\\\/\\\/milenyums.com\\\/es\\\/web-servidor\\\/\",\"url\":\"https:\\\/\\\/milenyums.com\\\/es\\\/web-servidor\\\/\",\"name\":\"Web & Servidor - Milenyums Dijital\",\"isPartOf\":{\"@id\":\"https:\\\/\\\/milenyums.com\\\/es\\\/#website\"},\"datePublished\":\"2026-04-30T08:09:11+00:00\",\"breadcrumb\":{\"@id\":\"https:\\\/\\\/milenyums.com\\\/es\\\/web-servidor\\\/#breadcrumb\"},\"inLanguage\":\"es\",\"potentialAction\":[{\"@type\":\"ReadAction\",\"target\":[\"https:\\\/\\\/milenyums.com\\\/es\\\/web-servidor\\\/\"]}]},{\"@type\":\"BreadcrumbList\",\"@id\":\"https:\\\/\\\/milenyums.com\\\/es\\\/web-servidor\\\/#breadcrumb\",\"itemListElement\":[{\"@type\":\"ListItem\",\"position\":1,\"name\":\"Anasayfa\",\"item\":\"https:\\\/\\\/milenyums.com\\\/es\\\/\"},{\"@type\":\"ListItem\",\"position\":2,\"name\":\"Web &#038; Servidor\"}]},{\"@type\":\"WebSite\",\"@id\":\"https:\\\/\\\/milenyums.com\\\/es\\\/#website\",\"url\":\"https:\\\/\\\/milenyums.com\\\/es\\\/\",\"name\":\"Milenyums Dijital\",\"description\":\"\",\"publisher\":{\"@id\":\"https:\\\/\\\/milenyums.com\\\/es\\\/#organization\"},\"potentialAction\":[{\"@type\":\"SearchAction\",\"target\":{\"@type\":\"EntryPoint\",\"urlTemplate\":\"https:\\\/\\\/milenyums.com\\\/es\\\/?s={search_term_string}\"},\"query-input\":{\"@type\":\"PropertyValueSpecification\",\"valueRequired\":true,\"valueName\":\"search_term_string\"}}],\"inLanguage\":\"es\"},{\"@type\":\"Organization\",\"@id\":\"https:\\\/\\\/milenyums.com\\\/es\\\/#organization\",\"name\":\"Milenyums Dijital\",\"url\":\"https:\\\/\\\/milenyums.com\\\/es\\\/\",\"logo\":{\"@type\":\"ImageObject\",\"inLanguage\":\"es\",\"@id\":\"https:\\\/\\\/milenyums.com\\\/es\\\/#\\\/schema\\\/logo\\\/image\\\/\",\"url\":\"https:\\\/\\\/milenyums.com\\\/mfiles\\\/2025\\\/11\\\/milenyums-white-logo-png.png\",\"contentUrl\":\"https:\\\/\\\/milenyums.com\\\/mfiles\\\/2025\\\/11\\\/milenyums-white-logo-png.png\",\"width\":2329,\"height\":405,\"caption\":\"Milenyums Dijital\"},\"image\":{\"@id\":\"https:\\\/\\\/milenyums.com\\\/es\\\/#\\\/schema\\\/logo\\\/image\\\/\"}}]}<\/script>\n<!-- \/ Yoast SEO Premium plugin. -->","yoast_head_json":{"title":"Web & Servidor - Milenyums Dijital","robots":{"index":"index","follow":"follow","max-snippet":"max-snippet:-1","max-image-preview":"max-image-preview:large","max-video-preview":"max-video-preview:-1"},"canonical":"https:\/\/milenyums.com\/es\/web-servidor\/","og_locale":"es_ES","og_type":"article","og_title":"Web & Servidor","og_url":"https:\/\/milenyums.com\/es\/web-servidor\/","og_site_name":"Milenyums Dijital","twitter_card":"summary_large_image","schema":{"@context":"https:\/\/schema.org","@graph":[{"@type":"WebPage","@id":"https:\/\/milenyums.com\/es\/web-servidor\/","url":"https:\/\/milenyums.com\/es\/web-servidor\/","name":"Web & Servidor - Milenyums Dijital","isPartOf":{"@id":"https:\/\/milenyums.com\/es\/#website"},"datePublished":"2026-04-30T08:09:11+00:00","breadcrumb":{"@id":"https:\/\/milenyums.com\/es\/web-servidor\/#breadcrumb"},"inLanguage":"es","potentialAction":[{"@type":"ReadAction","target":["https:\/\/milenyums.com\/es\/web-servidor\/"]}]},{"@type":"BreadcrumbList","@id":"https:\/\/milenyums.com\/es\/web-servidor\/#breadcrumb","itemListElement":[{"@type":"ListItem","position":1,"name":"Anasayfa","item":"https:\/\/milenyums.com\/es\/"},{"@type":"ListItem","position":2,"name":"Web &#038; Servidor"}]},{"@type":"WebSite","@id":"https:\/\/milenyums.com\/es\/#website","url":"https:\/\/milenyums.com\/es\/","name":"Milenyums Dijital","description":"","publisher":{"@id":"https:\/\/milenyums.com\/es\/#organization"},"potentialAction":[{"@type":"SearchAction","target":{"@type":"EntryPoint","urlTemplate":"https:\/\/milenyums.com\/es\/?s={search_term_string}"},"query-input":{"@type":"PropertyValueSpecification","valueRequired":true,"valueName":"search_term_string"}}],"inLanguage":"es"},{"@type":"Organization","@id":"https:\/\/milenyums.com\/es\/#organization","name":"Milenyums Dijital","url":"https:\/\/milenyums.com\/es\/","logo":{"@type":"ImageObject","inLanguage":"es","@id":"https:\/\/milenyums.com\/es\/#\/schema\/logo\/image\/","url":"https:\/\/milenyums.com\/mfiles\/2025\/11\/milenyums-white-logo-png.png","contentUrl":"https:\/\/milenyums.com\/mfiles\/2025\/11\/milenyums-white-logo-png.png","width":2329,"height":405,"caption":"Milenyums Dijital"},"image":{"@id":"https:\/\/milenyums.com\/es\/#\/schema\/logo\/image\/"}}]}},"_links":{"self":[{"href":"https:\/\/milenyums.com\/es\/wp-json\/wp\/v2\/pages\/2136","targetHints":{"allow":["GET"]}}],"collection":[{"href":"https:\/\/milenyums.com\/es\/wp-json\/wp\/v2\/pages"}],"about":[{"href":"https:\/\/milenyums.com\/es\/wp-json\/wp\/v2\/types\/page"}],"author":[{"embeddable":true,"href":"https:\/\/milenyums.com\/es\/wp-json\/wp\/v2\/users\/1"}],"replies":[{"embeddable":true,"href":"https:\/\/milenyums.com\/es\/wp-json\/wp\/v2\/comments?post=2136"}],"version-history":[{"count":0,"href":"https:\/\/milenyums.com\/es\/wp-json\/wp\/v2\/pages\/2136\/revisions"}],"wp:attachment":[{"href":"https:\/\/milenyums.com\/es\/wp-json\/wp\/v2\/media?parent=2136"}],"curies":[{"name":"wp","href":"https:\/\/api.w.org\/{rel}","templated":true}]}}