{"id":2171,"date":"2026-04-30T11:09:37","date_gmt":"2026-04-30T08:09:37","guid":{"rendered":"https:\/\/milenyums.com\/carreras\/"},"modified":"2026-04-30T11:09:37","modified_gmt":"2026-04-30T08:09:37","slug":"carreras","status":"publish","type":"page","link":"https:\/\/milenyums.com\/es\/carreras\/","title":{"rendered":"Carreras"},"content":{"rendered":"\t\t<div data-elementor-type=\"wp-page\" data-elementor-id=\"2171\" class=\"elementor elementor-2171 elementor-2079\" data-elementor-post-type=\"page\">\n\t\t\t\t<div class=\"elementor-element elementor-element-4397b84 e-flex e-con-boxed e-con e-parent\" data-id=\"4397b84\" data-element_type=\"container\" data-e-type=\"container\" data-settings=\"{&quot;background_background&quot;:&quot;gradient&quot;}\">\n\t\t\t\t\t<div class=\"e-con-inner\">\n\t\t\t\t<div class=\"elementor-element elementor-element-333e09e elementor-widget elementor-widget-button\" data-id=\"333e09e\" data-element_type=\"widget\" data-e-type=\"widget\" data-widget_type=\"button.default\">\n\t\t\t\t\t\t\t\t\t\t<a class=\"elementor-button elementor-button-link elementor-size-sm\" href=\"#\">\n\t\t\t\t\t\t<span class=\"elementor-button-content-wrapper\">\n\t\t\t\t\t\t\t\t\t<span class=\"elementor-button-text\"><span class=\"nnokta-animasyonu\">\u2b24 <\/span>  \u00daNETE \u2022 S\u00c9 CREATIVO \u2022 CRECE<\/span>\n\t\t\t\t\t<\/span>\n\t\t\t\t\t<\/a>\n\t\t\t\t\t\t\t\t<\/div>\n\t\t\t\t<div class=\"elementor-element elementor-element-bf6f5e6 elementor-widget elementor-widget-heading\" data-id=\"bf6f5e6\" data-element_type=\"widget\" data-e-type=\"widget\" data-widget_type=\"heading.default\">\n\t\t\t\t\t<div class=\"elementor-heading-title elementor-size-default\">Creativo y curioso<\/div>\t\t\t\t<\/div>\n\t\t\t\t<div class=\"elementor-element elementor-element-15e74b3 elementor-widget elementor-widget-heading\" data-id=\"15e74b3\" data-element_type=\"widget\" data-e-type=\"widget\" data-widget_type=\"heading.default\">\n\t\t\t\t\t<h1 class=\"elementor-heading-title elementor-size-default\">\u00danete a Nuestro Equipo<\/h1>\t\t\t\t<\/div>\n\t\t\t\t<div class=\"elementor-element elementor-element-20871c1 elementor-widget__width-initial elementor-widget elementor-widget-text-editor\" data-id=\"20871c1\" data-element_type=\"widget\" data-e-type=\"widget\" data-widget_type=\"text-editor.default\">\n\t\t\t\t\t\t\t\t\t<p>Somos un equipo de personas apasionadas uniendo mundos digital y f\u00edsico. Buscamos talentos que quieran marcar la diferencia.<\/p>\t\t\t\t\t\t\t\t<\/div>\n\t\t<div class=\"elementor-element elementor-element-0bf0d31 e-con-full e-flex e-con e-parent\" data-id=\"0bf0d31\" data-element_type=\"container\" data-e-type=\"container\">\n\t\t\t\t<div class=\"elementor-element elementor-element-543ba55 elementor-widget elementor-widget-button\" data-id=\"543ba55\" data-element_type=\"widget\" data-e-type=\"widget\" data-widget_type=\"button.default\">\n\t\t\t\t\t\t\t\t\t\t<a class=\"elementor-button elementor-button-link elementor-size-sm\" href=\"#\">\n\t\t\t\t\t\t<span class=\"elementor-button-content-wrapper\">\n\t\t\t\t\t\t\t\t\t<span class=\"elementor-button-text\"><span class=\"sabit-numara\">01  <\/span>  Dise\u00f1ador<\/span>\n\t\t\t\t\t<\/span>\n\t\t\t\t\t<\/a>\n\t\t\t\t\t\t\t\t<\/div>\n\t\t\t\t<div class=\"elementor-element elementor-element-e5315e9 elementor-widget elementor-widget-button\" data-id=\"e5315e9\" data-element_type=\"widget\" data-e-type=\"widget\" data-widget_type=\"button.default\">\n\t\t\t\t\t\t\t\t\t\t<a class=\"elementor-button elementor-button-link elementor-size-sm\" href=\"#\">\n\t\t\t\t\t\t<span class=\"elementor-button-content-wrapper\">\n\t\t\t\t\t\t\t\t\t<span class=\"elementor-button-text\"><span class=\"sabit-numara\">02  <\/span>  Desarrollador<\/span>\n\t\t\t\t\t<\/span>\n\t\t\t\t\t<\/a>\n\t\t\t\t\t\t\t\t<\/div>\n\t\t\t\t<div class=\"elementor-element elementor-element-0399bef elementor-widget elementor-widget-button\" data-id=\"0399bef\" data-element_type=\"widget\" data-e-type=\"widget\" data-widget_type=\"button.default\">\n\t\t\t\t\t\t\t\t\t\t<a class=\"elementor-button elementor-button-link elementor-size-sm\" href=\"#\">\n\t\t\t\t\t\t<span class=\"elementor-button-content-wrapper\">\n\t\t\t\t\t\t\t\t\t<span class=\"elementor-button-text\"><span class=\"sabit-numara\">03  <\/span>  Especialista<\/span>\n\t\t\t\t\t<\/span>\n\t\t\t\t\t<\/a>\n\t\t\t\t\t\t\t\t<\/div>\n\t\t\t\t<div class=\"elementor-element elementor-element-71ab40e elementor-widget elementor-widget-button\" data-id=\"71ab40e\" data-element_type=\"widget\" data-e-type=\"widget\" data-widget_type=\"button.default\">\n\t\t\t\t\t\t\t\t\t\t<a class=\"elementor-button elementor-button-link elementor-size-sm\" href=\"#\">\n\t\t\t\t\t\t<span class=\"elementor-button-content-wrapper\">\n\t\t\t\t\t\t\t\t\t<span class=\"elementor-button-text\"><span class=\"sabit-numara\">04  <\/span>  PM<\/span>\n\t\t\t\t\t<\/span>\n\t\t\t\t\t<\/a>\n\t\t\t\t\t\t\t\t<\/div>\n\t\t\t\t<div class=\"elementor-element elementor-element-398769f elementor-widget elementor-widget-button\" data-id=\"398769f\" data-element_type=\"widget\" data-e-type=\"widget\" data-widget_type=\"button.default\">\n\t\t\t\t\t\t\t\t\t\t<a class=\"elementor-button elementor-button-link elementor-size-sm\" href=\"#\">\n\t\t\t\t\t\t<span class=\"elementor-button-content-wrapper\">\n\t\t\t\t\t\t\t\t\t<span class=\"elementor-button-text\"><span class=\"sabit-numara\">05  <\/span>  Dise\u00f1ador 3D<\/span>\n\t\t\t\t\t<\/span>\n\t\t\t\t\t<\/a>\n\t\t\t\t\t\t\t\t<\/div>\n\t\t\t\t<div class=\"elementor-element elementor-element-7a2b8db elementor-widget elementor-widget-button\" data-id=\"7a2b8db\" data-element_type=\"widget\" data-e-type=\"widget\" data-widget_type=\"button.default\">\n\t\t\t\t\t\t\t\t\t\t<a class=\"elementor-button elementor-button-link elementor-size-sm\" href=\"#\">\n\t\t\t\t\t\t<span class=\"elementor-button-content-wrapper\">\n\t\t\t\t\t\t\t\t\t<span class=\"elementor-button-text\"><span class=\"sabit-numara\">06  <\/span>  Pasante<\/span>\n\t\t\t\t\t<\/span>\n\t\t\t\t\t<\/a>\n\t\t\t\t\t\t\t\t<\/div>\n\t\t\t\t<\/div>\n\t\t\t\t\t<\/div>\n\t\t\t\t<\/div>\n\t\t<div class=\"elementor-element elementor-element-7372718 e-con-boxed e-flex e-con e-parent\" data-id=\"7372718\" data-element_type=\"container\" data-e-type=\"container\" data-settings=\"{&quot;background_background&quot;:&quot;classic&quot;}\">\n\t\t\t\t\t<div class=\"e-con-inner\">\n\t\t<div class=\"elementor-element elementor-element-a3504f2 e-flex e-con-boxed e-con e-parent\" data-id=\"a3504f2\" data-element_type=\"container\" data-e-type=\"container\" data-settings=\"{&quot;background_background&quot;:&quot;classic&quot;}\">\n\t\t\t\t\t<div class=\"e-con-inner\">\n\t\t\t\t<div class=\"elementor-element elementor-element-e26b0d0 elementor-widget elementor-widget-heading\" data-id=\"e26b0d0\" data-element_type=\"widget\" data-e-type=\"widget\" data-widget_type=\"heading.default\">\n\t\t\t\t\t<h3 class=\"elementor-heading-title elementor-size-default\">Dise\u00f1adores<\/h3>\t\t\t\t<\/div>\n\t\t\t\t<div class=\"elementor-element elementor-element-3480d62 elementor-widget elementor-widget-text-editor\" data-id=\"3480d62\" data-element_type=\"widget\" data-e-type=\"widget\" data-widget_type=\"text-editor.default\">\n\t\t\t\t\t\t\t\t\t<p>UI\/UX, dise\u00f1o gr\u00e1fico, identidad de marca, motion design. Expertos Figma, Adobe CC, Blender.<\/p>\t\t\t\t\t\t\t\t<\/div>\n\t\t\t\t\t<\/div>\n\t\t\t\t<\/div>\n\t\t<div class=\"elementor-element elementor-element-85d371e e-flex e-con-boxed e-con e-parent\" data-id=\"85d371e\" data-element_type=\"container\" data-e-type=\"container\" data-settings=\"{&quot;background_background&quot;:&quot;classic&quot;}\">\n\t\t\t\t\t<div class=\"e-con-inner\">\n\t\t\t\t<div class=\"elementor-element elementor-element-2f3ac7b elementor-widget elementor-widget-heading\" data-id=\"2f3ac7b\" data-element_type=\"widget\" data-e-type=\"widget\" data-widget_type=\"heading.default\">\n\t\t\t\t\t<h3 class=\"elementor-heading-title elementor-size-default\">Desarrolladores<\/h3>\t\t\t\t<\/div>\n\t\t\t\t<div class=\"elementor-element elementor-element-715342d elementor-widget elementor-widget-text-editor\" data-id=\"715342d\" data-element_type=\"widget\" data-e-type=\"widget\" data-widget_type=\"text-editor.default\">\n\t\t\t\t\t\t\t\t\t<p>Posiciones frontend, backend, full-stack. Experiencia React, Laravel, WordPress, Node.js.<\/p>\t\t\t\t\t\t\t\t<\/div>\n\t\t\t\t\t<\/div>\n\t\t\t\t<\/div>\n\t\t<div class=\"elementor-element elementor-element-0c21d9e e-flex e-con-boxed e-con e-parent\" data-id=\"0c21d9e\" data-element_type=\"container\" data-e-type=\"container\" data-settings=\"{&quot;background_background&quot;:&quot;classic&quot;}\">\n\t\t\t\t\t<div class=\"e-con-inner\">\n\t\t\t\t<div class=\"elementor-element elementor-element-23f6df9 elementor-widget elementor-widget-heading\" data-id=\"23f6df9\" data-element_type=\"widget\" data-e-type=\"widget\" data-widget_type=\"heading.default\">\n\t\t\t\t\t<h3 class=\"elementor-heading-title elementor-size-default\">Especialistas en Marketing<\/h3>\t\t\t\t<\/div>\n\t\t\t\t<div class=\"elementor-element elementor-element-15111c4 elementor-widget elementor-widget-text-editor\" data-id=\"15111c4\" data-element_type=\"widget\" data-e-type=\"widget\" data-widget_type=\"text-editor.default\">\n\t\t\t\t\t\t\t\t\t<p>Performance marketing, SEO, content marketing, social media. Profesionales basados en datos.<\/p>\t\t\t\t\t\t\t\t<\/div>\n\t\t\t\t\t<\/div>\n\t\t\t\t<\/div>\n\t\t<div class=\"elementor-element elementor-element-340cceb e-flex e-con-boxed e-con e-parent\" data-id=\"340cceb\" data-element_type=\"container\" data-e-type=\"container\" data-settings=\"{&quot;background_background&quot;:&quot;classic&quot;}\">\n\t\t\t\t\t<div class=\"e-con-inner\">\n\t\t\t\t<div class=\"elementor-element elementor-element-3082398 elementor-widget elementor-widget-heading\" data-id=\"3082398\" data-element_type=\"widget\" data-e-type=\"widget\" data-widget_type=\"heading.default\">\n\t\t\t\t\t<h3 class=\"elementor-heading-title elementor-size-default\">Dise\u00f1adores Industriales<\/h3>\t\t\t\t<\/div>\n\t\t\t\t<div class=\"elementor-element elementor-element-d65be13 elementor-widget elementor-widget-text-editor\" data-id=\"d65be13\" data-element_type=\"widget\" data-e-type=\"widget\" data-widget_type=\"text-editor.default\">\n\t\t\t\t\t\t\t\t\t<p>Modelado 3D, prototipado, dise\u00f1o de producto. Experiencia SolidWorks, Fusion 360 e impresora 3D.<\/p>\t\t\t\t\t\t\t\t<\/div>\n\t\t\t\t\t<\/div>\n\t\t\t\t<\/div>\n\t\t<div class=\"elementor-element elementor-element-bd15d7d e-flex e-con-boxed e-con e-parent\" data-id=\"bd15d7d\" data-element_type=\"container\" data-e-type=\"container\" data-settings=\"{&quot;background_background&quot;:&quot;classic&quot;}\">\n\t\t\t\t\t<div class=\"e-con-inner\">\n\t\t\t\t<div class=\"elementor-element elementor-element-d9785e9 elementor-widget elementor-widget-heading\" data-id=\"d9785e9\" data-element_type=\"widget\" data-e-type=\"widget\" data-widget_type=\"heading.default\">\n\t\t\t\t\t<h3 class=\"elementor-heading-title elementor-size-default\">Gerentes de Proyecto<\/h3>\t\t\t\t<\/div>\n\t\t\t\t<div class=\"elementor-element elementor-element-eb57bf3 elementor-widget elementor-widget-text-editor\" data-id=\"eb57bf3\" data-element_type=\"widget\" data-e-type=\"widget\" data-widget_type=\"text-editor.default\">\n\t\t\t\t\t\t\t\t\t<p>Metodolog\u00eda Agile\/Scrum, enfocados al cliente, profesionales con altas habilidades organizativas.<\/p>\t\t\t\t\t\t\t\t<\/div>\n\t\t\t\t\t<\/div>\n\t\t\t\t<\/div>\n\t\t<div class=\"elementor-element elementor-element-ff620de e-flex e-con-boxed e-con e-parent\" data-id=\"ff620de\" data-element_type=\"container\" data-e-type=\"container\" data-settings=\"{&quot;background_background&quot;:&quot;classic&quot;}\">\n\t\t\t\t\t<div class=\"e-con-inner\">\n\t\t\t\t<div class=\"elementor-element elementor-element-15717e9 elementor-widget elementor-widget-heading\" data-id=\"15717e9\" data-element_type=\"widget\" data-e-type=\"widget\" data-widget_type=\"heading.default\">\n\t\t\t\t\t<h3 class=\"elementor-heading-title elementor-size-default\">Programa de Pasant\u00eda<\/h3>\t\t\t\t<\/div>\n\t\t\t\t<div class=\"elementor-element elementor-element-6cc66bf elementor-widget elementor-widget-text-editor\" data-id=\"6cc66bf\" data-element_type=\"widget\" data-e-type=\"widget\" data-widget_type=\"text-editor.default\">\n\t\t\t\t\t\t\t\t\t<p>Pasant\u00edas de 3-6 meses para estudiantes universitarios. Mentor\u00eda, proyectos reales y posible transici\u00f3n a tiempo completo.<\/p>\t\t\t\t\t\t\t\t<\/div>\n\t\t\t\t\t<\/div>\n\t\t\t\t<\/div>\n\t\t\t\t\t<\/div>\n\t\t\t\t<\/div>\n\t\t<div class=\"elementor-element elementor-element-e1e0f26 e-flex e-con-boxed e-con e-parent\" data-id=\"e1e0f26\" data-element_type=\"container\" data-e-type=\"container\" data-settings=\"{&quot;background_background&quot;:&quot;gradient&quot;}\">\n\t\t\t\t\t<div class=\"e-con-inner\">\n\t\t\t\t<div class=\"elementor-element elementor-element-ba3a44b elementor-widget__width-initial elementor-widget elementor-widget-heading\" data-id=\"ba3a44b\" data-element_type=\"widget\" data-e-type=\"widget\" data-widget_type=\"heading.default\">\n\t\t\t\t\t<h2 class=\"elementor-heading-title elementor-size-default\">Construyamos Tu Carrera So\u00f1ada<\/h2>\t\t\t\t<\/div>\n\t\t\t\t<div class=\"elementor-element elementor-element-60a58b0 elementor-align-center kesbutdaha elementor-widget elementor-widget-button\" data-id=\"60a58b0\" data-element_type=\"widget\" data-e-type=\"widget\" data-widget_type=\"button.default\">\n\t\t\t\t\t\t\t\t\t\t<a class=\"elementor-button elementor-button-link elementor-size-sm\" href=\"\/es\/contacto\">\n\t\t\t\t\t\t<span class=\"elementor-button-content-wrapper\">\n\t\t\t\t\t\t\t\t\t<span class=\"elementor-button-text\">HABLEMOS<\/span>\n\t\t\t\t\t<\/span>\n\t\t\t\t\t<\/a>\n\t\t\t\t\t\t\t\t<\/div>\n\t\t\t\t\t<\/div>\n\t\t\t\t<\/div>\n\t\t\t\t<\/div>\n\t\t","protected":false},"excerpt":{"rendered":"","protected":false},"author":1,"featured_media":0,"parent":0,"menu_order":0,"comment_status":"closed","ping_status":"closed","template":"","meta":{"_acf_changed":false,"footnotes":""},"class_list":["post-2171","page","type-page","status-publish","hentry"],"acf":[],"yoast_head":"<!-- This site is optimized with the Yoast SEO Premium plugin v27.3 (Yoast SEO v27.3) - https:\/\/yoast.com\/product\/yoast-seo-premium-wordpress\/ -->\n<title>Carreras - Milenyums Dijital<\/title>\n<meta name=\"robots\" content=\"index, follow, max-snippet:-1, max-image-preview:large, max-video-preview:-1\" \/>\n<link rel=\"canonical\" href=\"https:\/\/milenyums.com\/es\/carreras\/\" \/>\n<meta property=\"og:locale\" content=\"es_ES\" \/>\n<meta property=\"og:type\" content=\"article\" \/>\n<meta property=\"og:title\" content=\"Carreras\" \/>\n<meta property=\"og:url\" content=\"https:\/\/milenyums.com\/es\/carreras\/\" \/>\n<meta property=\"og:site_name\" content=\"Milenyums Dijital\" \/>\n<meta name=\"twitter:card\" content=\"summary_large_image\" \/>\n<script type=\"application\/ld+json\" class=\"yoast-schema-graph\">{\"@context\":\"https:\\\/\\\/schema.org\",\"@graph\":[{\"@type\":\"WebPage\",\"@id\":\"https:\\\/\\\/milenyums.com\\\/es\\\/carreras\\\/\",\"url\":\"https:\\\/\\\/milenyums.com\\\/es\\\/carreras\\\/\",\"name\":\"Carreras - Milenyums Dijital\",\"isPartOf\":{\"@id\":\"https:\\\/\\\/milenyums.com\\\/es\\\/#website\"},\"datePublished\":\"2026-04-30T08:09:37+00:00\",\"breadcrumb\":{\"@id\":\"https:\\\/\\\/milenyums.com\\\/es\\\/carreras\\\/#breadcrumb\"},\"inLanguage\":\"es\",\"potentialAction\":[{\"@type\":\"ReadAction\",\"target\":[\"https:\\\/\\\/milenyums.com\\\/es\\\/carreras\\\/\"]}]},{\"@type\":\"BreadcrumbList\",\"@id\":\"https:\\\/\\\/milenyums.com\\\/es\\\/carreras\\\/#breadcrumb\",\"itemListElement\":[{\"@type\":\"ListItem\",\"position\":1,\"name\":\"Anasayfa\",\"item\":\"https:\\\/\\\/milenyums.com\\\/es\\\/\"},{\"@type\":\"ListItem\",\"position\":2,\"name\":\"Carreras\"}]},{\"@type\":\"WebSite\",\"@id\":\"https:\\\/\\\/milenyums.com\\\/es\\\/#website\",\"url\":\"https:\\\/\\\/milenyums.com\\\/es\\\/\",\"name\":\"Milenyums Dijital\",\"description\":\"\",\"publisher\":{\"@id\":\"https:\\\/\\\/milenyums.com\\\/es\\\/#organization\"},\"potentialAction\":[{\"@type\":\"SearchAction\",\"target\":{\"@type\":\"EntryPoint\",\"urlTemplate\":\"https:\\\/\\\/milenyums.com\\\/es\\\/?s={search_term_string}\"},\"query-input\":{\"@type\":\"PropertyValueSpecification\",\"valueRequired\":true,\"valueName\":\"search_term_string\"}}],\"inLanguage\":\"es\"},{\"@type\":\"Organization\",\"@id\":\"https:\\\/\\\/milenyums.com\\\/es\\\/#organization\",\"name\":\"Milenyums Dijital\",\"url\":\"https:\\\/\\\/milenyums.com\\\/es\\\/\",\"logo\":{\"@type\":\"ImageObject\",\"inLanguage\":\"es\",\"@id\":\"https:\\\/\\\/milenyums.com\\\/es\\\/#\\\/schema\\\/logo\\\/image\\\/\",\"url\":\"https:\\\/\\\/milenyums.com\\\/mfiles\\\/2025\\\/11\\\/milenyums-white-logo-png.png\",\"contentUrl\":\"https:\\\/\\\/milenyums.com\\\/mfiles\\\/2025\\\/11\\\/milenyums-white-logo-png.png\",\"width\":2329,\"height\":405,\"caption\":\"Milenyums Dijital\"},\"image\":{\"@id\":\"https:\\\/\\\/milenyums.com\\\/es\\\/#\\\/schema\\\/logo\\\/image\\\/\"}}]}<\/script>\n<!-- \/ Yoast SEO Premium plugin. -->","yoast_head_json":{"title":"Carreras - Milenyums Dijital","robots":{"index":"index","follow":"follow","max-snippet":"max-snippet:-1","max-image-preview":"max-image-preview:large","max-video-preview":"max-video-preview:-1"},"canonical":"https:\/\/milenyums.com\/es\/carreras\/","og_locale":"es_ES","og_type":"article","og_title":"Carreras","og_url":"https:\/\/milenyums.com\/es\/carreras\/","og_site_name":"Milenyums Dijital","twitter_card":"summary_large_image","schema":{"@context":"https:\/\/schema.org","@graph":[{"@type":"WebPage","@id":"https:\/\/milenyums.com\/es\/carreras\/","url":"https:\/\/milenyums.com\/es\/carreras\/","name":"Carreras - Milenyums Dijital","isPartOf":{"@id":"https:\/\/milenyums.com\/es\/#website"},"datePublished":"2026-04-30T08:09:37+00:00","breadcrumb":{"@id":"https:\/\/milenyums.com\/es\/carreras\/#breadcrumb"},"inLanguage":"es","potentialAction":[{"@type":"ReadAction","target":["https:\/\/milenyums.com\/es\/carreras\/"]}]},{"@type":"BreadcrumbList","@id":"https:\/\/milenyums.com\/es\/carreras\/#breadcrumb","itemListElement":[{"@type":"ListItem","position":1,"name":"Anasayfa","item":"https:\/\/milenyums.com\/es\/"},{"@type":"ListItem","position":2,"name":"Carreras"}]},{"@type":"WebSite","@id":"https:\/\/milenyums.com\/es\/#website","url":"https:\/\/milenyums.com\/es\/","name":"Milenyums Dijital","description":"","publisher":{"@id":"https:\/\/milenyums.com\/es\/#organization"},"potentialAction":[{"@type":"SearchAction","target":{"@type":"EntryPoint","urlTemplate":"https:\/\/milenyums.com\/es\/?s={search_term_string}"},"query-input":{"@type":"PropertyValueSpecification","valueRequired":true,"valueName":"search_term_string"}}],"inLanguage":"es"},{"@type":"Organization","@id":"https:\/\/milenyums.com\/es\/#organization","name":"Milenyums Dijital","url":"https:\/\/milenyums.com\/es\/","logo":{"@type":"ImageObject","inLanguage":"es","@id":"https:\/\/milenyums.com\/es\/#\/schema\/logo\/image\/","url":"https:\/\/milenyums.com\/mfiles\/2025\/11\/milenyums-white-logo-png.png","contentUrl":"https:\/\/milenyums.com\/mfiles\/2025\/11\/milenyums-white-logo-png.png","width":2329,"height":405,"caption":"Milenyums Dijital"},"image":{"@id":"https:\/\/milenyums.com\/es\/#\/schema\/logo\/image\/"}}]}},"_links":{"self":[{"href":"https:\/\/milenyums.com\/es\/wp-json\/wp\/v2\/pages\/2171","targetHints":{"allow":["GET"]}}],"collection":[{"href":"https:\/\/milenyums.com\/es\/wp-json\/wp\/v2\/pages"}],"about":[{"href":"https:\/\/milenyums.com\/es\/wp-json\/wp\/v2\/types\/page"}],"author":[{"embeddable":true,"href":"https:\/\/milenyums.com\/es\/wp-json\/wp\/v2\/users\/1"}],"replies":[{"embeddable":true,"href":"https:\/\/milenyums.com\/es\/wp-json\/wp\/v2\/comments?post=2171"}],"version-history":[{"count":0,"href":"https:\/\/milenyums.com\/es\/wp-json\/wp\/v2\/pages\/2171\/revisions"}],"wp:attachment":[{"href":"https:\/\/milenyums.com\/es\/wp-json\/wp\/v2\/media?parent=2171"}],"curies":[{"name":"wp","href":"https:\/\/api.w.org\/{rel}","templated":true}]}}