{"id":2140,"date":"2026-04-30T11:09:14","date_gmt":"2026-04-30T08:09:14","guid":{"rendered":"https:\/\/milenyums.com\/e-commerce-fr\/"},"modified":"2026-04-30T11:09:14","modified_gmt":"2026-04-30T08:09:14","slug":"e-commerce-fr","status":"publish","type":"page","link":"https:\/\/milenyums.com\/fr\/e-commerce-fr\/","title":{"rendered":"E-Commerce"},"content":{"rendered":"\t\t<div data-elementor-type=\"wp-page\" data-elementor-id=\"2140\" class=\"elementor elementor-2140 elementor-690\" data-elementor-post-type=\"page\">\n\t\t\t\t<div class=\"elementor-element elementor-element-d0e6793 e-flex e-con-boxed e-con e-parent\" data-id=\"d0e6793\" data-element_type=\"container\" data-e-type=\"container\" data-settings=\"{&quot;background_background&quot;:&quot;gradient&quot;}\">\n\t\t\t\t\t<div class=\"e-con-inner\">\n\t\t\t\t<div class=\"elementor-element elementor-element-1f374e1 elementor-widget elementor-widget-button\" data-id=\"1f374e1\" data-element_type=\"widget\" data-e-type=\"widget\" data-widget_type=\"button.default\">\n\t\t\t\t\t\t\t\t\t\t<a class=\"elementor-button elementor-button-link elementor-size-sm\" href=\"#\">\n\t\t\t\t\t\t<span class=\"elementor-button-content-wrapper\">\n\t\t\t\t\t\t\t\t\t<span class=\"elementor-button-text\"><span class=\"nnokta-animasyonu\">\u2b24 <\/span>  WOOCOMMERCE \u2022 SHOPIFY \u2022 CONVERSION<\/span>\n\t\t\t\t\t<\/span>\n\t\t\t\t\t<\/a>\n\t\t\t\t\t\t\t\t<\/div>\n\t\t\t\t<div class=\"elementor-element elementor-element-3c1d213 elementor-widget elementor-widget-heading\" data-id=\"3c1d213\" data-element_type=\"widget\" data-e-type=\"widget\" data-widget_type=\"heading.default\">\n\t\t\t\t\t<div class=\"elementor-heading-title elementor-size-default\">Multiplier les ventes<\/div>\t\t\t\t<\/div>\n\t\t\t\t<div class=\"elementor-element elementor-element-d6b5197 elementor-widget elementor-widget-heading\" data-id=\"d6b5197\" data-element_type=\"widget\" data-e-type=\"widget\" data-widget_type=\"heading.default\">\n\t\t\t\t\t<h1 class=\"elementor-heading-title elementor-size-default\">E-Commerce<\/h1>\t\t\t\t<\/div>\n\t\t\t\t<div class=\"elementor-element elementor-element-088e0f3 elementor-widget__width-initial elementor-widget elementor-widget-text-editor\" data-id=\"088e0f3\" data-element_type=\"widget\" data-e-type=\"widget\" data-widget_type=\"text-editor.default\">\n\t\t\t\t\t\t\t\t\t<p>Performance maximale sur WooCommerce, Shopify, Trendyol et marketplaces. Solutions e-commerce qui multiplient vos ventes en ligne.<\/p>\t\t\t\t\t\t\t\t<\/div>\n\t\t<div class=\"elementor-element elementor-element-b0a69c9 e-con-full e-flex e-con e-parent\" data-id=\"b0a69c9\" data-element_type=\"container\" data-e-type=\"container\">\n\t\t\t\t<div class=\"elementor-element elementor-element-10d1c3d elementor-widget elementor-widget-button\" data-id=\"10d1c3d\" data-element_type=\"widget\" data-e-type=\"widget\" data-widget_type=\"button.default\">\n\t\t\t\t\t\t\t\t\t\t<a class=\"elementor-button elementor-button-link elementor-size-sm\" href=\"#\">\n\t\t\t\t\t\t<span class=\"elementor-button-content-wrapper\">\n\t\t\t\t\t\t\t\t\t<span class=\"elementor-button-text\"><span class=\"sabit-numara\">01  <\/span>  WooCommerce<\/span>\n\t\t\t\t\t<\/span>\n\t\t\t\t\t<\/a>\n\t\t\t\t\t\t\t\t<\/div>\n\t\t\t\t<div class=\"elementor-element elementor-element-15f2a4f elementor-widget elementor-widget-button\" data-id=\"15f2a4f\" data-element_type=\"widget\" data-e-type=\"widget\" data-widget_type=\"button.default\">\n\t\t\t\t\t\t\t\t\t\t<a class=\"elementor-button elementor-button-link elementor-size-sm\" href=\"#\">\n\t\t\t\t\t\t<span class=\"elementor-button-content-wrapper\">\n\t\t\t\t\t\t\t\t\t<span class=\"elementor-button-text\"><span class=\"sabit-numara\">02  <\/span>  Shopify<\/span>\n\t\t\t\t\t<\/span>\n\t\t\t\t\t<\/a>\n\t\t\t\t\t\t\t\t<\/div>\n\t\t\t\t<div class=\"elementor-element elementor-element-e29f601 elementor-widget elementor-widget-button\" data-id=\"e29f601\" data-element_type=\"widget\" data-e-type=\"widget\" data-widget_type=\"button.default\">\n\t\t\t\t\t\t\t\t\t\t<a class=\"elementor-button elementor-button-link elementor-size-sm\" href=\"#\">\n\t\t\t\t\t\t<span class=\"elementor-button-content-wrapper\">\n\t\t\t\t\t\t\t\t\t<span class=\"elementor-button-text\"><span class=\"sabit-numara\">03  <\/span>  Trendyol<\/span>\n\t\t\t\t\t<\/span>\n\t\t\t\t\t<\/a>\n\t\t\t\t\t\t\t\t<\/div>\n\t\t\t\t<div class=\"elementor-element elementor-element-c6982da elementor-widget elementor-widget-button\" data-id=\"c6982da\" data-element_type=\"widget\" data-e-type=\"widget\" data-widget_type=\"button.default\">\n\t\t\t\t\t\t\t\t\t\t<a class=\"elementor-button elementor-button-link elementor-size-sm\" href=\"#\">\n\t\t\t\t\t\t<span class=\"elementor-button-content-wrapper\">\n\t\t\t\t\t\t\t\t\t<span class=\"elementor-button-text\"><span class=\"sabit-numara\">04  <\/span>  Marketplace<\/span>\n\t\t\t\t\t<\/span>\n\t\t\t\t\t<\/a>\n\t\t\t\t\t\t\t\t<\/div>\n\t\t\t\t<div class=\"elementor-element elementor-element-4a5fe52 elementor-widget elementor-widget-button\" data-id=\"4a5fe52\" data-element_type=\"widget\" data-e-type=\"widget\" data-widget_type=\"button.default\">\n\t\t\t\t\t\t\t\t\t\t<a class=\"elementor-button elementor-button-link elementor-size-sm\" href=\"#\">\n\t\t\t\t\t\t<span class=\"elementor-button-content-wrapper\">\n\t\t\t\t\t\t\t\t\t<span class=\"elementor-button-text\"><span class=\"sabit-numara\">05  <\/span>  Conversion<\/span>\n\t\t\t\t\t<\/span>\n\t\t\t\t\t<\/a>\n\t\t\t\t\t\t\t\t<\/div>\n\t\t\t\t<div class=\"elementor-element elementor-element-e7b1164 elementor-widget elementor-widget-button\" data-id=\"e7b1164\" data-element_type=\"widget\" data-e-type=\"widget\" data-widget_type=\"button.default\">\n\t\t\t\t\t\t\t\t\t\t<a class=\"elementor-button elementor-button-link elementor-size-sm\" href=\"#\">\n\t\t\t\t\t\t<span class=\"elementor-button-content-wrapper\">\n\t\t\t\t\t\t\t\t\t<span class=\"elementor-button-text\"><span class=\"sabit-numara\">06  <\/span>  Logistique<\/span>\n\t\t\t\t\t<\/span>\n\t\t\t\t\t<\/a>\n\t\t\t\t\t\t\t\t<\/div>\n\t\t\t\t<\/div>\n\t\t\t\t\t<\/div>\n\t\t\t\t<\/div>\n\t\t<div class=\"elementor-element elementor-element-765ef38 e-con-boxed e-flex e-con e-parent\" data-id=\"765ef38\" data-element_type=\"container\" data-e-type=\"container\" data-settings=\"{&quot;background_background&quot;:&quot;classic&quot;}\">\n\t\t\t\t\t<div class=\"e-con-inner\">\n\t\t<div class=\"elementor-element elementor-element-57c9993 e-flex e-con-boxed e-con e-parent\" data-id=\"57c9993\" data-element_type=\"container\" data-e-type=\"container\" data-settings=\"{&quot;background_background&quot;:&quot;classic&quot;}\">\n\t\t\t\t\t<div class=\"e-con-inner\">\n\t\t\t\t<div class=\"elementor-element elementor-element-5f48f44 elementor-widget elementor-widget-heading\" data-id=\"5f48f44\" data-element_type=\"widget\" data-e-type=\"widget\" data-widget_type=\"heading.default\">\n\t\t\t\t\t<h3 class=\"elementor-heading-title elementor-size-default\">D\u00e9veloppement E-Commerce<\/h3>\t\t\t\t<\/div>\n\t\t\t\t<div class=\"elementor-element elementor-element-06c9aaa elementor-widget elementor-widget-text-editor\" data-id=\"06c9aaa\" data-element_type=\"widget\" data-e-type=\"widget\" data-widget_type=\"text-editor.default\">\n\t\t\t\t\t\t\t\t\t<p>Th\u00e8mes personnalis\u00e9s et magasins \u00e9volutifs sur WooCommerce, Shopify, Magento, Ideasoft.<\/p>\t\t\t\t\t\t\t\t<\/div>\n\t\t\t\t\t<\/div>\n\t\t\t\t<\/div>\n\t\t<div class=\"elementor-element elementor-element-10601af e-flex e-con-boxed e-con e-parent\" data-id=\"10601af\" data-element_type=\"container\" data-e-type=\"container\" data-settings=\"{&quot;background_background&quot;:&quot;classic&quot;}\">\n\t\t\t\t\t<div class=\"e-con-inner\">\n\t\t\t\t<div class=\"elementor-element elementor-element-27df88b elementor-widget elementor-widget-heading\" data-id=\"27df88b\" data-element_type=\"widget\" data-e-type=\"widget\" data-widget_type=\"heading.default\">\n\t\t\t\t\t<h3 class=\"elementor-heading-title elementor-size-default\">Gestion de Marketplace<\/h3>\t\t\t\t<\/div>\n\t\t\t\t<div class=\"elementor-element elementor-element-f80143c elementor-widget elementor-widget-text-editor\" data-id=\"f80143c\" data-element_type=\"widget\" data-e-type=\"widget\" data-widget_type=\"text-editor.default\">\n\t\t\t\t\t\t\t\t\t<p>Int\u00e9grations Trendyol, Hepsiburada, Amazon, N11, \u00c7i\u00e7ekSepeti et synchronisation bidirectionnelle.<\/p>\t\t\t\t\t\t\t\t<\/div>\n\t\t\t\t\t<\/div>\n\t\t\t\t<\/div>\n\t\t<div class=\"elementor-element elementor-element-8143d2e e-flex e-con-boxed e-con e-parent\" data-id=\"8143d2e\" data-element_type=\"container\" data-e-type=\"container\" data-settings=\"{&quot;background_background&quot;:&quot;classic&quot;}\">\n\t\t\t\t\t<div class=\"e-con-inner\">\n\t\t\t\t<div class=\"elementor-element elementor-element-697bda3 elementor-widget elementor-widget-heading\" data-id=\"697bda3\" data-element_type=\"widget\" data-e-type=\"widget\" data-widget_type=\"heading.default\">\n\t\t\t\t\t<h3 class=\"elementor-heading-title elementor-size-default\">Optimisation de Conversion<\/h3>\t\t\t\t<\/div>\n\t\t\t\t<div class=\"elementor-element elementor-element-941c8b3 elementor-widget elementor-widget-text-editor\" data-id=\"941c8b3\" data-element_type=\"widget\" data-e-type=\"widget\" data-widget_type=\"text-editor.default\">\n\t\t\t\t\t\t\t\t\t<p>Nous r\u00e9duisons les taux d&rsquo;abandon de panier avec tests A\/B, heatmaps et enregistrements utilisateur.<\/p>\t\t\t\t\t\t\t\t<\/div>\n\t\t\t\t\t<\/div>\n\t\t\t\t<\/div>\n\t\t<div class=\"elementor-element elementor-element-3d61cb2 e-flex e-con-boxed e-con e-parent\" data-id=\"3d61cb2\" data-element_type=\"container\" data-e-type=\"container\" data-settings=\"{&quot;background_background&quot;:&quot;classic&quot;}\">\n\t\t\t\t\t<div class=\"e-con-inner\">\n\t\t\t\t<div class=\"elementor-element elementor-element-6c79f23 elementor-widget elementor-widget-heading\" data-id=\"6c79f23\" data-element_type=\"widget\" data-e-type=\"widget\" data-widget_type=\"heading.default\">\n\t\t\t\t\t<h3 class=\"elementor-heading-title elementor-size-default\">Visuels Produit<\/h3>\t\t\t\t<\/div>\n\t\t\t\t<div class=\"elementor-element elementor-element-31327d9 elementor-widget elementor-widget-text-editor\" data-id=\"31327d9\" data-element_type=\"widget\" data-e-type=\"widget\" data-widget_type=\"text-editor.default\">\n\t\t\t\t\t\t\t\t\t<p>Photographie produit professionnelle, g\u00e9n\u00e9ration visuelle assist\u00e9e par IA et visuels rotatifs \u00e0 360\u00b0.<\/p>\t\t\t\t\t\t\t\t<\/div>\n\t\t\t\t\t<\/div>\n\t\t\t\t<\/div>\n\t\t<div class=\"elementor-element elementor-element-0eac262 e-flex e-con-boxed e-con e-parent\" data-id=\"0eac262\" data-element_type=\"container\" data-e-type=\"container\" data-settings=\"{&quot;background_background&quot;:&quot;classic&quot;}\">\n\t\t\t\t\t<div class=\"e-con-inner\">\n\t\t\t\t<div class=\"elementor-element elementor-element-1ed6465 elementor-widget elementor-widget-heading\" data-id=\"1ed6465\" data-element_type=\"widget\" data-e-type=\"widget\" data-widget_type=\"heading.default\">\n\t\t\t\t\t<h3 class=\"elementor-heading-title elementor-size-default\">Stock &amp; Commandes<\/h3>\t\t\t\t<\/div>\n\t\t\t\t<div class=\"elementor-element elementor-element-d03fd40 elementor-widget elementor-widget-text-editor\" data-id=\"d03fd40\" data-element_type=\"widget\" data-e-type=\"widget\" data-widget_type=\"text-editor.default\">\n\t\t\t\t\t\t\t\t\t<p>Synchronisation de stock multi-canal, routage automatique des commandes et int\u00e9grations d&rsquo;exp\u00e9dition.<\/p>\t\t\t\t\t\t\t\t<\/div>\n\t\t\t\t\t<\/div>\n\t\t\t\t<\/div>\n\t\t<div class=\"elementor-element elementor-element-0f8b48f e-flex e-con-boxed e-con e-parent\" data-id=\"0f8b48f\" data-element_type=\"container\" data-e-type=\"container\" data-settings=\"{&quot;background_background&quot;:&quot;classic&quot;}\">\n\t\t\t\t\t<div class=\"e-con-inner\">\n\t\t\t\t<div class=\"elementor-element elementor-element-a4a677c elementor-widget elementor-widget-heading\" data-id=\"a4a677c\" data-element_type=\"widget\" data-e-type=\"widget\" data-widget_type=\"heading.default\">\n\t\t\t\t\t<h3 class=\"elementor-heading-title elementor-size-default\">Exp\u00e9rience Client<\/h3>\t\t\t\t<\/div>\n\t\t\t\t<div class=\"elementor-element elementor-element-9379ba5 elementor-widget elementor-widget-text-editor\" data-id=\"9379ba5\" data-element_type=\"widget\" data-e-type=\"widget\" data-widget_type=\"text-editor.default\">\n\t\t\t\t\t\t\t\t\t<p>Processus de paiement rapide, m\u00e9thodes de paiement multiples, avis clients et programmes de fid\u00e9lit\u00e9.<\/p>\t\t\t\t\t\t\t\t<\/div>\n\t\t\t\t\t<\/div>\n\t\t\t\t<\/div>\n\t\t\t\t\t<\/div>\n\t\t\t\t<\/div>\n\t\t<div class=\"elementor-element elementor-element-3695564 e-flex e-con-boxed e-con e-parent\" data-id=\"3695564\" data-element_type=\"container\" data-e-type=\"container\" data-settings=\"{&quot;background_background&quot;:&quot;gradient&quot;}\">\n\t\t\t\t\t<div class=\"e-con-inner\">\n\t\t\t\t<div class=\"elementor-element elementor-element-f25c2e7 elementor-widget__width-initial elementor-widget elementor-widget-heading\" data-id=\"f25c2e7\" data-element_type=\"widget\" data-e-type=\"widget\" data-widget_type=\"heading.default\">\n\t\t\t\t\t<h2 class=\"elementor-heading-title elementor-size-default\">Faisons Exploser Vos Ventes en Ligne<\/h2>\t\t\t\t<\/div>\n\t\t\t\t<div class=\"elementor-element elementor-element-95d15a3 elementor-align-center kesbutdaha elementor-widget elementor-widget-button\" data-id=\"95d15a3\" data-element_type=\"widget\" data-e-type=\"widget\" data-widget_type=\"button.default\">\n\t\t\t\t\t\t\t\t\t\t<a class=\"elementor-button elementor-button-link elementor-size-sm\" href=\"\/fr\/contact-fr\">\n\t\t\t\t\t\t<span class=\"elementor-button-content-wrapper\">\n\t\t\t\t\t\t\t\t\t<span class=\"elementor-button-text\">PARLONS<\/span>\n\t\t\t\t\t<\/span>\n\t\t\t\t\t<\/a>\n\t\t\t\t\t\t\t\t<\/div>\n\t\t\t\t\t<\/div>\n\t\t\t\t<\/div>\n\t\t\t\t<\/div>\n\t\t","protected":false},"excerpt":{"rendered":"","protected":false},"author":1,"featured_media":0,"parent":0,"menu_order":0,"comment_status":"closed","ping_status":"closed","template":"","meta":{"_acf_changed":false,"footnotes":""},"class_list":["post-2140","page","type-page","status-publish","hentry"],"acf":[],"yoast_head":"<!-- This site is optimized with the Yoast SEO Premium plugin v27.3 (Yoast SEO v27.3) - https:\/\/yoast.com\/product\/yoast-seo-premium-wordpress\/ -->\n<title>E-Commerce - Milenyums Dijital<\/title>\n<meta name=\"robots\" content=\"index, follow, max-snippet:-1, max-image-preview:large, max-video-preview:-1\" \/>\n<link rel=\"canonical\" href=\"https:\/\/milenyums.com\/fr\/e-commerce-fr\/\" \/>\n<meta property=\"og:locale\" content=\"fr_FR\" \/>\n<meta property=\"og:type\" content=\"article\" \/>\n<meta property=\"og:title\" content=\"E-Commerce\" \/>\n<meta property=\"og:url\" content=\"https:\/\/milenyums.com\/fr\/e-commerce-fr\/\" \/>\n<meta property=\"og:site_name\" content=\"Milenyums Dijital\" \/>\n<meta name=\"twitter:card\" content=\"summary_large_image\" \/>\n<script type=\"application\/ld+json\" class=\"yoast-schema-graph\">{\"@context\":\"https:\\\/\\\/schema.org\",\"@graph\":[{\"@type\":\"WebPage\",\"@id\":\"https:\\\/\\\/milenyums.com\\\/fr\\\/e-commerce-fr\\\/\",\"url\":\"https:\\\/\\\/milenyums.com\\\/fr\\\/e-commerce-fr\\\/\",\"name\":\"E-Commerce - Milenyums Dijital\",\"isPartOf\":{\"@id\":\"https:\\\/\\\/milenyums.com\\\/fr\\\/#website\"},\"datePublished\":\"2026-04-30T08:09:14+00:00\",\"breadcrumb\":{\"@id\":\"https:\\\/\\\/milenyums.com\\\/fr\\\/e-commerce-fr\\\/#breadcrumb\"},\"inLanguage\":\"fr-FR\",\"potentialAction\":[{\"@type\":\"ReadAction\",\"target\":[\"https:\\\/\\\/milenyums.com\\\/fr\\\/e-commerce-fr\\\/\"]}]},{\"@type\":\"BreadcrumbList\",\"@id\":\"https:\\\/\\\/milenyums.com\\\/fr\\\/e-commerce-fr\\\/#breadcrumb\",\"itemListElement\":[{\"@type\":\"ListItem\",\"position\":1,\"name\":\"Anasayfa\",\"item\":\"https:\\\/\\\/milenyums.com\\\/fr\\\/\"},{\"@type\":\"ListItem\",\"position\":2,\"name\":\"E-Commerce\"}]},{\"@type\":\"WebSite\",\"@id\":\"https:\\\/\\\/milenyums.com\\\/fr\\\/#website\",\"url\":\"https:\\\/\\\/milenyums.com\\\/fr\\\/\",\"name\":\"Milenyums Dijital\",\"description\":\"\",\"publisher\":{\"@id\":\"https:\\\/\\\/milenyums.com\\\/fr\\\/#organization\"},\"potentialAction\":[{\"@type\":\"SearchAction\",\"target\":{\"@type\":\"EntryPoint\",\"urlTemplate\":\"https:\\\/\\\/milenyums.com\\\/fr\\\/?s={search_term_string}\"},\"query-input\":{\"@type\":\"PropertyValueSpecification\",\"valueRequired\":true,\"valueName\":\"search_term_string\"}}],\"inLanguage\":\"fr-FR\"},{\"@type\":\"Organization\",\"@id\":\"https:\\\/\\\/milenyums.com\\\/fr\\\/#organization\",\"name\":\"Milenyums Dijital\",\"url\":\"https:\\\/\\\/milenyums.com\\\/fr\\\/\",\"logo\":{\"@type\":\"ImageObject\",\"inLanguage\":\"fr-FR\",\"@id\":\"https:\\\/\\\/milenyums.com\\\/fr\\\/#\\\/schema\\\/logo\\\/image\\\/\",\"url\":\"https:\\\/\\\/milenyums.com\\\/mfiles\\\/2025\\\/11\\\/milenyums-white-logo-png.png\",\"contentUrl\":\"https:\\\/\\\/milenyums.com\\\/mfiles\\\/2025\\\/11\\\/milenyums-white-logo-png.png\",\"width\":2329,\"height\":405,\"caption\":\"Milenyums Dijital\"},\"image\":{\"@id\":\"https:\\\/\\\/milenyums.com\\\/fr\\\/#\\\/schema\\\/logo\\\/image\\\/\"}}]}<\/script>\n<!-- \/ Yoast SEO Premium plugin. -->","yoast_head_json":{"title":"E-Commerce - Milenyums Dijital","robots":{"index":"index","follow":"follow","max-snippet":"max-snippet:-1","max-image-preview":"max-image-preview:large","max-video-preview":"max-video-preview:-1"},"canonical":"https:\/\/milenyums.com\/fr\/e-commerce-fr\/","og_locale":"fr_FR","og_type":"article","og_title":"E-Commerce","og_url":"https:\/\/milenyums.com\/fr\/e-commerce-fr\/","og_site_name":"Milenyums Dijital","twitter_card":"summary_large_image","schema":{"@context":"https:\/\/schema.org","@graph":[{"@type":"WebPage","@id":"https:\/\/milenyums.com\/fr\/e-commerce-fr\/","url":"https:\/\/milenyums.com\/fr\/e-commerce-fr\/","name":"E-Commerce - Milenyums Dijital","isPartOf":{"@id":"https:\/\/milenyums.com\/fr\/#website"},"datePublished":"2026-04-30T08:09:14+00:00","breadcrumb":{"@id":"https:\/\/milenyums.com\/fr\/e-commerce-fr\/#breadcrumb"},"inLanguage":"fr-FR","potentialAction":[{"@type":"ReadAction","target":["https:\/\/milenyums.com\/fr\/e-commerce-fr\/"]}]},{"@type":"BreadcrumbList","@id":"https:\/\/milenyums.com\/fr\/e-commerce-fr\/#breadcrumb","itemListElement":[{"@type":"ListItem","position":1,"name":"Anasayfa","item":"https:\/\/milenyums.com\/fr\/"},{"@type":"ListItem","position":2,"name":"E-Commerce"}]},{"@type":"WebSite","@id":"https:\/\/milenyums.com\/fr\/#website","url":"https:\/\/milenyums.com\/fr\/","name":"Milenyums Dijital","description":"","publisher":{"@id":"https:\/\/milenyums.com\/fr\/#organization"},"potentialAction":[{"@type":"SearchAction","target":{"@type":"EntryPoint","urlTemplate":"https:\/\/milenyums.com\/fr\/?s={search_term_string}"},"query-input":{"@type":"PropertyValueSpecification","valueRequired":true,"valueName":"search_term_string"}}],"inLanguage":"fr-FR"},{"@type":"Organization","@id":"https:\/\/milenyums.com\/fr\/#organization","name":"Milenyums Dijital","url":"https:\/\/milenyums.com\/fr\/","logo":{"@type":"ImageObject","inLanguage":"fr-FR","@id":"https:\/\/milenyums.com\/fr\/#\/schema\/logo\/image\/","url":"https:\/\/milenyums.com\/mfiles\/2025\/11\/milenyums-white-logo-png.png","contentUrl":"https:\/\/milenyums.com\/mfiles\/2025\/11\/milenyums-white-logo-png.png","width":2329,"height":405,"caption":"Milenyums Dijital"},"image":{"@id":"https:\/\/milenyums.com\/fr\/#\/schema\/logo\/image\/"}}]}},"_links":{"self":[{"href":"https:\/\/milenyums.com\/fr\/wp-json\/wp\/v2\/pages\/2140","targetHints":{"allow":["GET"]}}],"collection":[{"href":"https:\/\/milenyums.com\/fr\/wp-json\/wp\/v2\/pages"}],"about":[{"href":"https:\/\/milenyums.com\/fr\/wp-json\/wp\/v2\/types\/page"}],"author":[{"embeddable":true,"href":"https:\/\/milenyums.com\/fr\/wp-json\/wp\/v2\/users\/1"}],"replies":[{"embeddable":true,"href":"https:\/\/milenyums.com\/fr\/wp-json\/wp\/v2\/comments?post=2140"}],"version-history":[{"count":0,"href":"https:\/\/milenyums.com\/fr\/wp-json\/wp\/v2\/pages\/2140\/revisions"}],"wp:attachment":[{"href":"https:\/\/milenyums.com\/fr\/wp-json\/wp\/v2\/media?parent=2140"}],"curies":[{"name":"wp","href":"https:\/\/api.w.org\/{rel}","templated":true}]}}