{"id":2145,"date":"2026-04-30T11:09:17","date_gmt":"2026-04-30T08:09:17","guid":{"rendered":"https:\/\/milenyums.com\/design-graphique\/"},"modified":"2026-04-30T11:09:17","modified_gmt":"2026-04-30T08:09:17","slug":"design-graphique","status":"publish","type":"page","link":"https:\/\/milenyums.com\/fr\/design-graphique\/","title":{"rendered":"Design Graphique"},"content":{"rendered":"\t\t<div data-elementor-type=\"wp-page\" data-elementor-id=\"2145\" class=\"elementor elementor-2145 elementor-693\" data-elementor-post-type=\"page\">\n\t\t\t\t<div class=\"elementor-element elementor-element-03d6ce7 e-flex e-con-boxed e-con e-parent\" data-id=\"03d6ce7\" data-element_type=\"container\" data-e-type=\"container\" data-settings=\"{&quot;background_background&quot;:&quot;gradient&quot;}\">\n\t\t\t\t\t<div class=\"e-con-inner\">\n\t\t\t\t<div class=\"elementor-element elementor-element-f80ed82 elementor-widget elementor-widget-button\" data-id=\"f80ed82\" data-element_type=\"widget\" data-e-type=\"widget\" data-widget_type=\"button.default\">\n\t\t\t\t\t\t\t\t\t\t<a class=\"elementor-button elementor-button-link elementor-size-sm\" href=\"#\">\n\t\t\t\t\t\t<span class=\"elementor-button-content-wrapper\">\n\t\t\t\t\t\t\t\t\t<span class=\"elementor-button-text\"><span class=\"nnokta-animasyonu\">\u2b24 <\/span>  MARQUE \u2022 IDENTIT\u00c9 \u2022 COMMUNICATION<\/span>\n\t\t\t\t\t<\/span>\n\t\t\t\t\t<\/a>\n\t\t\t\t\t\t\t\t<\/div>\n\t\t\t\t<div class=\"elementor-element elementor-element-b2e04e0 elementor-widget elementor-widget-heading\" data-id=\"b2e04e0\" data-element_type=\"widget\" data-e-type=\"widget\" data-widget_type=\"heading.default\">\n\t\t\t\t\t<div class=\"elementor-heading-title elementor-size-default\">Visualiser la marque<\/div>\t\t\t\t<\/div>\n\t\t\t\t<div class=\"elementor-element elementor-element-cbf498f elementor-widget elementor-widget-heading\" data-id=\"cbf498f\" data-element_type=\"widget\" data-e-type=\"widget\" data-widget_type=\"heading.default\">\n\t\t\t\t\t<h1 class=\"elementor-heading-title elementor-size-default\">Design Graphique<\/h1>\t\t\t\t<\/div>\n\t\t\t\t<div class=\"elementor-element elementor-element-3fa2fc8 elementor-widget__width-initial elementor-widget elementor-widget-text-editor\" data-id=\"3fa2fc8\" data-element_type=\"widget\" data-e-type=\"widget\" data-widget_type=\"text-editor.default\">\n\t\t\t\t\t\t\t\t\t<p>Solutions cr\u00e9atives du logo \u00e0 l&#8217;emballage, des publicit\u00e9s num\u00e9riques aux supports imprim\u00e9s. Nous donnons vie \u00e0 votre marque visuellement.<\/p>\t\t\t\t\t\t\t\t<\/div>\n\t\t<div class=\"elementor-element elementor-element-219f232 e-con-full e-flex e-con e-parent\" data-id=\"219f232\" data-element_type=\"container\" data-e-type=\"container\">\n\t\t\t\t<div class=\"elementor-element elementor-element-9df6be7 elementor-widget elementor-widget-button\" data-id=\"9df6be7\" data-element_type=\"widget\" data-e-type=\"widget\" data-widget_type=\"button.default\">\n\t\t\t\t\t\t\t\t\t\t<a class=\"elementor-button elementor-button-link elementor-size-sm\" href=\"#\">\n\t\t\t\t\t\t<span class=\"elementor-button-content-wrapper\">\n\t\t\t\t\t\t\t\t\t<span class=\"elementor-button-text\"><span class=\"sabit-numara\">01  <\/span>  Logo<\/span>\n\t\t\t\t\t<\/span>\n\t\t\t\t\t<\/a>\n\t\t\t\t\t\t\t\t<\/div>\n\t\t\t\t<div class=\"elementor-element elementor-element-c987722 elementor-widget elementor-widget-button\" data-id=\"c987722\" data-element_type=\"widget\" data-e-type=\"widget\" data-widget_type=\"button.default\">\n\t\t\t\t\t\t\t\t\t\t<a class=\"elementor-button elementor-button-link elementor-size-sm\" href=\"#\">\n\t\t\t\t\t\t<span class=\"elementor-button-content-wrapper\">\n\t\t\t\t\t\t\t\t\t<span class=\"elementor-button-text\"><span class=\"sabit-numara\">02  <\/span>  Identit\u00e9<\/span>\n\t\t\t\t\t<\/span>\n\t\t\t\t\t<\/a>\n\t\t\t\t\t\t\t\t<\/div>\n\t\t\t\t<div class=\"elementor-element elementor-element-fb70f19 elementor-widget elementor-widget-button\" data-id=\"fb70f19\" data-element_type=\"widget\" data-e-type=\"widget\" data-widget_type=\"button.default\">\n\t\t\t\t\t\t\t\t\t\t<a class=\"elementor-button elementor-button-link elementor-size-sm\" href=\"#\">\n\t\t\t\t\t\t<span class=\"elementor-button-content-wrapper\">\n\t\t\t\t\t\t\t\t\t<span class=\"elementor-button-text\"><span class=\"sabit-numara\">03  <\/span>  Emballage<\/span>\n\t\t\t\t\t<\/span>\n\t\t\t\t\t<\/a>\n\t\t\t\t\t\t\t\t<\/div>\n\t\t\t\t<div class=\"elementor-element elementor-element-6c582d7 elementor-widget elementor-widget-button\" data-id=\"6c582d7\" data-element_type=\"widget\" data-e-type=\"widget\" data-widget_type=\"button.default\">\n\t\t\t\t\t\t\t\t\t\t<a class=\"elementor-button elementor-button-link elementor-size-sm\" href=\"#\">\n\t\t\t\t\t\t<span class=\"elementor-button-content-wrapper\">\n\t\t\t\t\t\t\t\t\t<span class=\"elementor-button-text\"><span class=\"sabit-numara\">04  <\/span>  Num\u00e9rique<\/span>\n\t\t\t\t\t<\/span>\n\t\t\t\t\t<\/a>\n\t\t\t\t\t\t\t\t<\/div>\n\t\t\t\t<div class=\"elementor-element elementor-element-ff2d76b elementor-widget elementor-widget-button\" data-id=\"ff2d76b\" data-element_type=\"widget\" data-e-type=\"widget\" data-widget_type=\"button.default\">\n\t\t\t\t\t\t\t\t\t\t<a class=\"elementor-button elementor-button-link elementor-size-sm\" href=\"#\">\n\t\t\t\t\t\t<span class=\"elementor-button-content-wrapper\">\n\t\t\t\t\t\t\t\t\t<span class=\"elementor-button-text\"><span class=\"sabit-numara\">05  <\/span>  UI\/UX<\/span>\n\t\t\t\t\t<\/span>\n\t\t\t\t\t<\/a>\n\t\t\t\t\t\t\t\t<\/div>\n\t\t\t\t<div class=\"elementor-element elementor-element-49def14 elementor-widget elementor-widget-button\" data-id=\"49def14\" data-element_type=\"widget\" data-e-type=\"widget\" data-widget_type=\"button.default\">\n\t\t\t\t\t\t\t\t\t\t<a class=\"elementor-button elementor-button-link elementor-size-sm\" href=\"#\">\n\t\t\t\t\t\t<span class=\"elementor-button-content-wrapper\">\n\t\t\t\t\t\t\t\t\t<span class=\"elementor-button-text\"><span class=\"sabit-numara\">06  <\/span>  Motion<\/span>\n\t\t\t\t\t<\/span>\n\t\t\t\t\t<\/a>\n\t\t\t\t\t\t\t\t<\/div>\n\t\t\t\t<\/div>\n\t\t\t\t\t<\/div>\n\t\t\t\t<\/div>\n\t\t<div class=\"elementor-element elementor-element-fe8ed93 e-con-boxed e-flex e-con e-parent\" data-id=\"fe8ed93\" data-element_type=\"container\" data-e-type=\"container\" data-settings=\"{&quot;background_background&quot;:&quot;classic&quot;}\">\n\t\t\t\t\t<div class=\"e-con-inner\">\n\t\t<div class=\"elementor-element elementor-element-ce8cb4a e-flex e-con-boxed e-con e-parent\" data-id=\"ce8cb4a\" data-element_type=\"container\" data-e-type=\"container\" data-settings=\"{&quot;background_background&quot;:&quot;classic&quot;}\">\n\t\t\t\t\t<div class=\"e-con-inner\">\n\t\t\t\t<div class=\"elementor-element elementor-element-a9b4ae8 elementor-widget elementor-widget-heading\" data-id=\"a9b4ae8\" data-element_type=\"widget\" data-e-type=\"widget\" data-widget_type=\"heading.default\">\n\t\t\t\t\t<h3 class=\"elementor-heading-title elementor-size-default\">Identit\u00e9 de Marque<\/h3>\t\t\t\t<\/div>\n\t\t\t\t<div class=\"elementor-element elementor-element-bde7193 elementor-widget elementor-widget-text-editor\" data-id=\"bde7193\" data-element_type=\"widget\" data-e-type=\"widget\" data-widget_type=\"text-editor.default\">\n\t\t\t\t\t\t\t\t\t<p>Logo, guide d&rsquo;identit\u00e9 d&rsquo;entreprise, papier \u00e0 en-t\u00eate, cartes de visite et mat\u00e9riaux de communication de marque.<\/p>\t\t\t\t\t\t\t\t<\/div>\n\t\t\t\t\t<\/div>\n\t\t\t\t<\/div>\n\t\t<div class=\"elementor-element elementor-element-1d3b9c5 e-flex e-con-boxed e-con e-parent\" data-id=\"1d3b9c5\" data-element_type=\"container\" data-e-type=\"container\" data-settings=\"{&quot;background_background&quot;:&quot;classic&quot;}\">\n\t\t\t\t\t<div class=\"e-con-inner\">\n\t\t\t\t<div class=\"elementor-element elementor-element-e6a01aa elementor-widget elementor-widget-heading\" data-id=\"e6a01aa\" data-element_type=\"widget\" data-e-type=\"widget\" data-widget_type=\"heading.default\">\n\t\t\t\t\t<h3 class=\"elementor-heading-title elementor-size-default\">Publicit\u00e9 Num\u00e9rique<\/h3>\t\t\t\t<\/div>\n\t\t\t\t<div class=\"elementor-element elementor-element-843015c elementor-widget elementor-widget-text-editor\" data-id=\"843015c\" data-element_type=\"widget\" data-e-type=\"widget\" data-widget_type=\"text-editor.default\">\n\t\t\t\t\t\t\t\t\t<p>Publications r\u00e9seaux sociaux, stories, banni\u00e8res web, annonces Google Display et animations.<\/p>\t\t\t\t\t\t\t\t<\/div>\n\t\t\t\t\t<\/div>\n\t\t\t\t<\/div>\n\t\t<div class=\"elementor-element elementor-element-25f5e35 e-flex e-con-boxed e-con e-parent\" data-id=\"25f5e35\" data-element_type=\"container\" data-e-type=\"container\" data-settings=\"{&quot;background_background&quot;:&quot;classic&quot;}\">\n\t\t\t\t\t<div class=\"e-con-inner\">\n\t\t\t\t<div class=\"elementor-element elementor-element-6c00703 elementor-widget elementor-widget-heading\" data-id=\"6c00703\" data-element_type=\"widget\" data-e-type=\"widget\" data-widget_type=\"heading.default\">\n\t\t\t\t\t<h3 class=\"elementor-heading-title elementor-size-default\">Design d'Emballage<\/h3>\t\t\t\t<\/div>\n\t\t\t\t<div class=\"elementor-element elementor-element-53eae73 elementor-widget elementor-widget-text-editor\" data-id=\"53eae73\" data-element_type=\"widget\" data-e-type=\"widget\" data-widget_type=\"text-editor.default\">\n\t\t\t\t\t\t\t\t\t<p>D\u00e9marquez-vous en rayon avec emballage produit, design d&rsquo;\u00e9tiquette et services de mockup.<\/p>\t\t\t\t\t\t\t\t<\/div>\n\t\t\t\t\t<\/div>\n\t\t\t\t<\/div>\n\t\t<div class=\"elementor-element elementor-element-0b47934 e-flex e-con-boxed e-con e-parent\" data-id=\"0b47934\" data-element_type=\"container\" data-e-type=\"container\" data-settings=\"{&quot;background_background&quot;:&quot;classic&quot;}\">\n\t\t\t\t\t<div class=\"e-con-inner\">\n\t\t\t\t<div class=\"elementor-element elementor-element-477f821 elementor-widget elementor-widget-heading\" data-id=\"477f821\" data-element_type=\"widget\" data-e-type=\"widget\" data-widget_type=\"heading.default\">\n\t\t\t\t\t<h3 class=\"elementor-heading-title elementor-size-default\">Supports Imprim\u00e9s<\/h3>\t\t\t\t<\/div>\n\t\t\t\t<div class=\"elementor-element elementor-element-7ce8406 elementor-widget elementor-widget-text-editor\" data-id=\"7ce8406\" data-element_type=\"widget\" data-e-type=\"widget\" data-widget_type=\"text-editor.default\">\n\t\t\t\t\t\t\t\t\t<p>Design soutenu par production compl\u00e8te pour brochures, catalogues, magazines, invitations et supports POP\/POS.<\/p>\t\t\t\t\t\t\t\t<\/div>\n\t\t\t\t\t<\/div>\n\t\t\t\t<\/div>\n\t\t<div class=\"elementor-element elementor-element-9bcc5b5 e-flex e-con-boxed e-con e-parent\" data-id=\"9bcc5b5\" data-element_type=\"container\" data-e-type=\"container\" data-settings=\"{&quot;background_background&quot;:&quot;classic&quot;}\">\n\t\t\t\t\t<div class=\"e-con-inner\">\n\t\t\t\t<div class=\"elementor-element elementor-element-f3d1549 elementor-widget elementor-widget-heading\" data-id=\"f3d1549\" data-element_type=\"widget\" data-e-type=\"widget\" data-widget_type=\"heading.default\">\n\t\t\t\t\t<h3 class=\"elementor-heading-title elementor-size-default\">Design UI\/UX<\/h3>\t\t\t\t<\/div>\n\t\t\t\t<div class=\"elementor-element elementor-element-712bf47 elementor-widget elementor-widget-text-editor\" data-id=\"712bf47\" data-element_type=\"widget\" data-e-type=\"widget\" data-widget_type=\"text-editor.default\">\n\t\t\t\t\t\t\t\t\t<p>Conception d&rsquo;interface ax\u00e9e exp\u00e9rience utilisateur et prototypage pour applications web et mobiles.<\/p>\t\t\t\t\t\t\t\t<\/div>\n\t\t\t\t\t<\/div>\n\t\t\t\t<\/div>\n\t\t<div class=\"elementor-element elementor-element-93e0397 e-flex e-con-boxed e-con e-parent\" data-id=\"93e0397\" data-element_type=\"container\" data-e-type=\"container\" data-settings=\"{&quot;background_background&quot;:&quot;classic&quot;}\">\n\t\t\t\t\t<div class=\"e-con-inner\">\n\t\t\t\t<div class=\"elementor-element elementor-element-0c92fb8 elementor-widget elementor-widget-heading\" data-id=\"0c92fb8\" data-element_type=\"widget\" data-e-type=\"widget\" data-widget_type=\"heading.default\">\n\t\t\t\t\t<h3 class=\"elementor-heading-title elementor-size-default\">Motion &amp; Vid\u00e9o<\/h3>\t\t\t\t<\/div>\n\t\t\t\t<div class=\"elementor-element elementor-element-e0eb458 elementor-widget elementor-widget-text-editor\" data-id=\"e0eb458\" data-element_type=\"widget\" data-e-type=\"widget\" data-widget_type=\"text-editor.default\">\n\t\t\t\t\t\t\t\t\t<p>Animation de logo, vid\u00e9os promotionnelles produit, reels r\u00e9seaux sociaux et vid\u00e9os infographiques.<\/p>\t\t\t\t\t\t\t\t<\/div>\n\t\t\t\t\t<\/div>\n\t\t\t\t<\/div>\n\t\t\t\t\t<\/div>\n\t\t\t\t<\/div>\n\t\t<div class=\"elementor-element elementor-element-7e0d49e e-flex e-con-boxed e-con e-parent\" data-id=\"7e0d49e\" data-element_type=\"container\" data-e-type=\"container\" data-settings=\"{&quot;background_background&quot;:&quot;gradient&quot;}\">\n\t\t\t\t\t<div class=\"e-con-inner\">\n\t\t\t\t<div class=\"elementor-element elementor-element-e52efe5 elementor-widget__width-initial elementor-widget elementor-widget-heading\" data-id=\"e52efe5\" data-element_type=\"widget\" data-e-type=\"widget\" data-widget_type=\"heading.default\">\n\t\t\t\t\t<h2 class=\"elementor-heading-title elementor-size-default\">Visualisons Votre Marque<\/h2>\t\t\t\t<\/div>\n\t\t\t\t<div class=\"elementor-element elementor-element-65fab37 elementor-align-center kesbutdaha elementor-widget elementor-widget-button\" data-id=\"65fab37\" data-element_type=\"widget\" data-e-type=\"widget\" data-widget_type=\"button.default\">\n\t\t\t\t\t\t\t\t\t\t<a class=\"elementor-button elementor-button-link elementor-size-sm\" href=\"\/fr\/contact-fr\">\n\t\t\t\t\t\t<span class=\"elementor-button-content-wrapper\">\n\t\t\t\t\t\t\t\t\t<span class=\"elementor-button-text\">PARLONS<\/span>\n\t\t\t\t\t<\/span>\n\t\t\t\t\t<\/a>\n\t\t\t\t\t\t\t\t<\/div>\n\t\t\t\t\t<\/div>\n\t\t\t\t<\/div>\n\t\t\t\t<\/div>\n\t\t","protected":false},"excerpt":{"rendered":"","protected":false},"author":1,"featured_media":0,"parent":0,"menu_order":0,"comment_status":"closed","ping_status":"closed","template":"","meta":{"_acf_changed":false,"footnotes":""},"class_list":["post-2145","page","type-page","status-publish","hentry"],"acf":[],"yoast_head":"<!-- This site is optimized with the Yoast SEO Premium plugin v27.3 (Yoast SEO v27.3) - https:\/\/yoast.com\/product\/yoast-seo-premium-wordpress\/ -->\n<title>Design Graphique - Milenyums Dijital<\/title>\n<meta name=\"robots\" content=\"index, follow, max-snippet:-1, max-image-preview:large, max-video-preview:-1\" \/>\n<link rel=\"canonical\" href=\"https:\/\/milenyums.com\/fr\/design-graphique\/\" \/>\n<meta property=\"og:locale\" content=\"fr_FR\" \/>\n<meta property=\"og:type\" content=\"article\" \/>\n<meta property=\"og:title\" content=\"Design Graphique\" \/>\n<meta property=\"og:url\" content=\"https:\/\/milenyums.com\/fr\/design-graphique\/\" \/>\n<meta property=\"og:site_name\" content=\"Milenyums Dijital\" \/>\n<meta name=\"twitter:card\" content=\"summary_large_image\" \/>\n<script type=\"application\/ld+json\" class=\"yoast-schema-graph\">{\"@context\":\"https:\\\/\\\/schema.org\",\"@graph\":[{\"@type\":\"WebPage\",\"@id\":\"https:\\\/\\\/milenyums.com\\\/fr\\\/design-graphique\\\/\",\"url\":\"https:\\\/\\\/milenyums.com\\\/fr\\\/design-graphique\\\/\",\"name\":\"Design Graphique - Milenyums Dijital\",\"isPartOf\":{\"@id\":\"https:\\\/\\\/milenyums.com\\\/fr\\\/#website\"},\"datePublished\":\"2026-04-30T08:09:17+00:00\",\"breadcrumb\":{\"@id\":\"https:\\\/\\\/milenyums.com\\\/fr\\\/design-graphique\\\/#breadcrumb\"},\"inLanguage\":\"fr-FR\",\"potentialAction\":[{\"@type\":\"ReadAction\",\"target\":[\"https:\\\/\\\/milenyums.com\\\/fr\\\/design-graphique\\\/\"]}]},{\"@type\":\"BreadcrumbList\",\"@id\":\"https:\\\/\\\/milenyums.com\\\/fr\\\/design-graphique\\\/#breadcrumb\",\"itemListElement\":[{\"@type\":\"ListItem\",\"position\":1,\"name\":\"Anasayfa\",\"item\":\"https:\\\/\\\/milenyums.com\\\/fr\\\/\"},{\"@type\":\"ListItem\",\"position\":2,\"name\":\"Design Graphique\"}]},{\"@type\":\"WebSite\",\"@id\":\"https:\\\/\\\/milenyums.com\\\/fr\\\/#website\",\"url\":\"https:\\\/\\\/milenyums.com\\\/fr\\\/\",\"name\":\"Milenyums Dijital\",\"description\":\"\",\"publisher\":{\"@id\":\"https:\\\/\\\/milenyums.com\\\/fr\\\/#organization\"},\"potentialAction\":[{\"@type\":\"SearchAction\",\"target\":{\"@type\":\"EntryPoint\",\"urlTemplate\":\"https:\\\/\\\/milenyums.com\\\/fr\\\/?s={search_term_string}\"},\"query-input\":{\"@type\":\"PropertyValueSpecification\",\"valueRequired\":true,\"valueName\":\"search_term_string\"}}],\"inLanguage\":\"fr-FR\"},{\"@type\":\"Organization\",\"@id\":\"https:\\\/\\\/milenyums.com\\\/fr\\\/#organization\",\"name\":\"Milenyums Dijital\",\"url\":\"https:\\\/\\\/milenyums.com\\\/fr\\\/\",\"logo\":{\"@type\":\"ImageObject\",\"inLanguage\":\"fr-FR\",\"@id\":\"https:\\\/\\\/milenyums.com\\\/fr\\\/#\\\/schema\\\/logo\\\/image\\\/\",\"url\":\"https:\\\/\\\/milenyums.com\\\/mfiles\\\/2025\\\/11\\\/milenyums-white-logo-png.png\",\"contentUrl\":\"https:\\\/\\\/milenyums.com\\\/mfiles\\\/2025\\\/11\\\/milenyums-white-logo-png.png\",\"width\":2329,\"height\":405,\"caption\":\"Milenyums Dijital\"},\"image\":{\"@id\":\"https:\\\/\\\/milenyums.com\\\/fr\\\/#\\\/schema\\\/logo\\\/image\\\/\"}}]}<\/script>\n<!-- \/ Yoast SEO Premium plugin. -->","yoast_head_json":{"title":"Design Graphique - Milenyums Dijital","robots":{"index":"index","follow":"follow","max-snippet":"max-snippet:-1","max-image-preview":"max-image-preview:large","max-video-preview":"max-video-preview:-1"},"canonical":"https:\/\/milenyums.com\/fr\/design-graphique\/","og_locale":"fr_FR","og_type":"article","og_title":"Design Graphique","og_url":"https:\/\/milenyums.com\/fr\/design-graphique\/","og_site_name":"Milenyums Dijital","twitter_card":"summary_large_image","schema":{"@context":"https:\/\/schema.org","@graph":[{"@type":"WebPage","@id":"https:\/\/milenyums.com\/fr\/design-graphique\/","url":"https:\/\/milenyums.com\/fr\/design-graphique\/","name":"Design Graphique - Milenyums Dijital","isPartOf":{"@id":"https:\/\/milenyums.com\/fr\/#website"},"datePublished":"2026-04-30T08:09:17+00:00","breadcrumb":{"@id":"https:\/\/milenyums.com\/fr\/design-graphique\/#breadcrumb"},"inLanguage":"fr-FR","potentialAction":[{"@type":"ReadAction","target":["https:\/\/milenyums.com\/fr\/design-graphique\/"]}]},{"@type":"BreadcrumbList","@id":"https:\/\/milenyums.com\/fr\/design-graphique\/#breadcrumb","itemListElement":[{"@type":"ListItem","position":1,"name":"Anasayfa","item":"https:\/\/milenyums.com\/fr\/"},{"@type":"ListItem","position":2,"name":"Design Graphique"}]},{"@type":"WebSite","@id":"https:\/\/milenyums.com\/fr\/#website","url":"https:\/\/milenyums.com\/fr\/","name":"Milenyums Dijital","description":"","publisher":{"@id":"https:\/\/milenyums.com\/fr\/#organization"},"potentialAction":[{"@type":"SearchAction","target":{"@type":"EntryPoint","urlTemplate":"https:\/\/milenyums.com\/fr\/?s={search_term_string}"},"query-input":{"@type":"PropertyValueSpecification","valueRequired":true,"valueName":"search_term_string"}}],"inLanguage":"fr-FR"},{"@type":"Organization","@id":"https:\/\/milenyums.com\/fr\/#organization","name":"Milenyums Dijital","url":"https:\/\/milenyums.com\/fr\/","logo":{"@type":"ImageObject","inLanguage":"fr-FR","@id":"https:\/\/milenyums.com\/fr\/#\/schema\/logo\/image\/","url":"https:\/\/milenyums.com\/mfiles\/2025\/11\/milenyums-white-logo-png.png","contentUrl":"https:\/\/milenyums.com\/mfiles\/2025\/11\/milenyums-white-logo-png.png","width":2329,"height":405,"caption":"Milenyums Dijital"},"image":{"@id":"https:\/\/milenyums.com\/fr\/#\/schema\/logo\/image\/"}}]}},"_links":{"self":[{"href":"https:\/\/milenyums.com\/fr\/wp-json\/wp\/v2\/pages\/2145","targetHints":{"allow":["GET"]}}],"collection":[{"href":"https:\/\/milenyums.com\/fr\/wp-json\/wp\/v2\/pages"}],"about":[{"href":"https:\/\/milenyums.com\/fr\/wp-json\/wp\/v2\/types\/page"}],"author":[{"embeddable":true,"href":"https:\/\/milenyums.com\/fr\/wp-json\/wp\/v2\/users\/1"}],"replies":[{"embeddable":true,"href":"https:\/\/milenyums.com\/fr\/wp-json\/wp\/v2\/comments?post=2145"}],"version-history":[{"count":0,"href":"https:\/\/milenyums.com\/fr\/wp-json\/wp\/v2\/pages\/2145\/revisions"}],"wp:attachment":[{"href":"https:\/\/milenyums.com\/fr\/wp-json\/wp\/v2\/media?parent=2145"}],"curies":[{"name":"wp","href":"https:\/\/api.w.org\/{rel}","templated":true}]}}